{"id":480,"date":"2019-11-08T10:22:05","date_gmt":"2019-11-08T09:22:05","guid":{"rendered":"https:\/\/www.autoprofitgroup.sk\/autopozicovna\/?page_id=480"},"modified":"2019-11-08T10:24:57","modified_gmt":"2019-11-08T09:24:57","slug":"viacmiestne","status":"publish","type":"page","link":"https:\/\/www.autoprofitgroup.sk\/autopozicovna\/viacmiestne\/","title":{"rendered":"VIACMIESTNE"},"content":{"rendered":"<div id='av_section_1'  class='avia-section av-akrnh-40f3880c8c54126a090e5a4dd0759669 main_color avia-section-default avia-no-border-styling  avia-builder-el-0  avia-builder-el-no-sibling  avia-bg-style-scroll container_wrap fullsize'  ><div class='container av-section-cont-open' ><main  class='template-page content  av-content-full alpha units'><div class='post-entry post-entry-type-page post-entry-480'><div class='entry-content-wrapper clearfix'>\n<div  id=\"av-sc-portfolio-1\"  class=\"av-portfolio-grid-sorting-container\"><div class='sort_width_container  av-sort-yes' data-portfolio-id='1' ><div id='js_sort_items' ><div class='sort_by_cat hidden'><a href=\"#\" data-filter=\"all_sort\" class=\"all_sort_button active_sort\"><span class=\"inner_sort_button\"><span>V\u0161etko<\/span><small class=\"av-cat-count\"> 3 <\/small><\/span><\/a><span class=\"text-sep 8-9-miestne_sort_sep\">\/<\/span><a href=\"#\" data-filter=\"8-9-miestne_sort\" class=\"8-9-miestne_sort_button\" ><span class=\"inner_sort_button\"><span>8\/9 MIESTNE<\/span><small class=\"av-cat-count\"> 3 <\/small><\/span><\/a><\/div><\/div><\/div><div  class=' grid-sort-container isotope   no_margin-container with-title-container grid-total-odd grid-col-3 grid-links-' data-portfolio-id='1'><div data-ajax-id='1800' class=' grid-entry flex_column isotope-item all_sort no_margin post-entry post-entry-1800 grid-entry-overview grid-loop-1 grid-parity-odd  8-9-miestne_sort cadca_sort  av_one_third first default_av_fullwidth '><article class='main_color inner-entry' ><a href=\"https:\/\/www.autoprofitgroup.sk\/autopozicovna\/vozidlo\/peugeot-expert-2\/\" title='Peugeot Expert, 8 miestne'  data-rel='grid-1' class='grid-image avia-hover-fx'> <img decoding=\"async\" fetchpriority=\"high\" width=\"705\" height=\"384\" src=\"https:\/\/www.autoprofitgroup.sk\/autopozicovna\/wp-content\/uploads\/sites\/2\/2022\/11\/Autopozicovna-Peugeot-Boxer_nahlad.jpg\" class=\"wp-image-1529 avia-img-lazy-loading-not-1529 attachment-no scaling size-no scaling wp-post-image\" alt=\"\" srcset=\"https:\/\/www.autoprofitgroup.sk\/autopozicovna\/wp-content\/uploads\/sites\/2\/2022\/11\/Autopozicovna-Peugeot-Boxer_nahlad.jpg 705w, https:\/\/www.autoprofitgroup.sk\/autopozicovna\/wp-content\/uploads\/sites\/2\/2022\/11\/Autopozicovna-Peugeot-Boxer_nahlad-300x163.jpg 300w\" sizes=\"(max-width: 705px) 100vw, 705px\" \/><\/a><div class='grid-content'><div class='avia-arrow'><\/div><header class=\"entry-content-header\" aria-label=\"Portfolio: Peugeot Expert, 8 miestne\"><h3 class='grid-entry-title entry-title ' ><a href='https:\/\/www.autoprofitgroup.sk\/autopozicovna\/vozidlo\/peugeot-expert-2\/' title='Peugeot Expert, 8 miestne'>Peugeot Expert, 8 miestne<\/a><\/h3><\/header><\/div><footer class=\"entry-footer\"><\/footer><\/article><\/div><div data-ajax-id='1107' class=' grid-entry flex_column isotope-item all_sort no_margin post-entry post-entry-1107 grid-entry-overview grid-loop-2 grid-parity-even  8-9-miestne_sort cadca_sort  av_one_third  default_av_fullwidth '><article class='main_color inner-entry' ><a href=\"https:\/\/www.autoprofitgroup.sk\/autopozicovna\/vozidlo\/peugeot-expert\/\" title='Peugeot Expert, 9 miestne'  data-rel='grid-1' class='grid-image avia-hover-fx'> <img decoding=\"async\" fetchpriority=\"high\" width=\"705\" height=\"384\" src=\"https:\/\/www.autoprofitgroup.sk\/autopozicovna\/wp-content\/uploads\/sites\/2\/2022\/11\/Autopozicovna-Peugeot-Boxer_nahlad.jpg\" class=\"wp-image-1529 avia-img-lazy-loading-not-1529 attachment-no scaling size-no scaling wp-post-image\" alt=\"\" srcset=\"https:\/\/www.autoprofitgroup.sk\/autopozicovna\/wp-content\/uploads\/sites\/2\/2022\/11\/Autopozicovna-Peugeot-Boxer_nahlad.jpg 705w, https:\/\/www.autoprofitgroup.sk\/autopozicovna\/wp-content\/uploads\/sites\/2\/2022\/11\/Autopozicovna-Peugeot-Boxer_nahlad-300x163.jpg 300w\" sizes=\"(max-width: 705px) 100vw, 705px\" \/><\/a><div class='grid-content'><div class='avia-arrow'><\/div><header class=\"entry-content-header\" aria-label=\"Portfolio: Peugeot Expert, 9 miestne\"><h3 class='grid-entry-title entry-title ' ><a href='https:\/\/www.autoprofitgroup.sk\/autopozicovna\/vozidlo\/peugeot-expert\/' title='Peugeot Expert, 9 miestne'>Peugeot Expert, 9 miestne<\/a><\/h3><\/header><\/div><footer class=\"entry-footer\"><\/footer><\/article><\/div><div data-ajax-id='1636' class=' grid-entry flex_column isotope-item all_sort no_margin post-entry post-entry-1636 grid-entry-overview grid-loop-3 grid-parity-odd  post-entry-last  8-9-miestne_sort cadca_sort  av_one_third  default_av_fullwidth '><article class='main_color inner-entry' ><a href=\"https:\/\/www.autoprofitgroup.sk\/autopozicovna\/vozidlo\/peugeot-boxer\/\" title='PEUGEOT Boxer'  data-rel='grid-1' class='grid-image avia-hover-fx'> <img decoding=\"async\" fetchpriority=\"high\" width=\"705\" height=\"384\" src=\"https:\/\/www.autoprofitgroup.sk\/autopozicovna\/wp-content\/uploads\/sites\/2\/2025\/07\/Autopozicovna_Peugeot-boxer-l4h3.jpg\" class=\"wp-image-1672 avia-img-lazy-loading-not-1672 attachment-no scaling size-no scaling wp-post-image\" alt=\"\" srcset=\"https:\/\/www.autoprofitgroup.sk\/autopozicovna\/wp-content\/uploads\/sites\/2\/2025\/07\/Autopozicovna_Peugeot-boxer-l4h3.jpg 705w, https:\/\/www.autoprofitgroup.sk\/autopozicovna\/wp-content\/uploads\/sites\/2\/2025\/07\/Autopozicovna_Peugeot-boxer-l4h3-300x163.jpg 300w\" sizes=\"(max-width: 705px) 100vw, 705px\" \/><\/a><div class='grid-content'><div class='avia-arrow'><\/div><header class=\"entry-content-header\" aria-label=\"Portfolio: PEUGEOT Boxer\"><h3 class='grid-entry-title entry-title ' ><a href='https:\/\/www.autoprofitgroup.sk\/autopozicovna\/vozidlo\/peugeot-boxer\/' title='PEUGEOT Boxer'>PEUGEOT Boxer<\/a><\/h3><\/header><\/div><footer class=\"entry-footer\"><\/footer><\/article><\/div><\/div><\/div>   <!--   class=\"av-portfolio-grid-sorting-container\"  -->\n\n","protected":false},"excerpt":{"rendered":"","protected":false},"author":1,"featured_media":0,"parent":0,"menu_order":0,"comment_status":"closed","ping_status":"closed","template":"","meta":{"footnotes":""},"class_list":["post-480","page","type-page","status-publish","hentry"],"yoast_head":"<!-- This site is optimized with the Yoast SEO plugin v26.5 - https:\/\/yoast.com\/wordpress\/plugins\/seo\/ -->\n<title>VIACMIESTNE - Autoprofit Rent<\/title>\n<meta name=\"robots\" content=\"index, follow, max-snippet:-1, max-image-preview:large, max-video-preview:-1\" \/>\n<link rel=\"canonical\" href=\"https:\/\/www.autoprofitgroup.sk\/autopozicovna\/viacmiestne\/\" \/>\n<meta property=\"og:locale\" content=\"sk_SK\" \/>\n<meta property=\"og:type\" content=\"article\" \/>\n<meta property=\"og:title\" content=\"VIACMIESTNE - Autoprofit Rent\" \/>\n<meta property=\"og:url\" content=\"https:\/\/www.autoprofitgroup.sk\/autopozicovna\/viacmiestne\/\" \/>\n<meta property=\"og:site_name\" content=\"Autoprofit Rent\" \/>\n<meta property=\"article:modified_time\" content=\"2019-11-08T09:24:57+00:00\" \/>\n<meta name=\"twitter:card\" content=\"summary_large_image\" \/>\n<meta name=\"twitter:label1\" content=\"Predpokladan\u00fd \u010das \u010d\u00edtania\" \/>\n\t<meta name=\"twitter:data1\" content=\"1 min\u00fata\" \/>\n<script type=\"application\/ld+json\" class=\"yoast-schema-graph\">{\"@context\":\"https:\/\/schema.org\",\"@graph\":[{\"@type\":\"WebPage\",\"@id\":\"https:\/\/www.autoprofitgroup.sk\/autopozicovna\/viacmiestne\/\",\"url\":\"https:\/\/www.autoprofitgroup.sk\/autopozicovna\/viacmiestne\/\",\"name\":\"VIACMIESTNE - Autoprofit Rent\",\"isPartOf\":{\"@id\":\"https:\/\/www.autoprofitgroup.sk\/autopozicovna\/#website\"},\"datePublished\":\"2019-11-08T09:22:05+00:00\",\"dateModified\":\"2019-11-08T09:24:57+00:00\",\"breadcrumb\":{\"@id\":\"https:\/\/www.autoprofitgroup.sk\/autopozicovna\/viacmiestne\/#breadcrumb\"},\"inLanguage\":\"sk-SK\",\"potentialAction\":[{\"@type\":\"ReadAction\",\"target\":[\"https:\/\/www.autoprofitgroup.sk\/autopozicovna\/viacmiestne\/\"]}]},{\"@type\":\"BreadcrumbList\",\"@id\":\"https:\/\/www.autoprofitgroup.sk\/autopozicovna\/viacmiestne\/#breadcrumb\",\"itemListElement\":[{\"@type\":\"ListItem\",\"position\":1,\"name\":\"Home\",\"item\":\"https:\/\/www.autoprofitgroup.sk\/autopozicovna\/autoprofit-group-pozicovna\/\"},{\"@type\":\"ListItem\",\"position\":2,\"name\":\"VIACMIESTNE\"}]},{\"@type\":\"WebSite\",\"@id\":\"https:\/\/www.autoprofitgroup.sk\/autopozicovna\/#website\",\"url\":\"https:\/\/www.autoprofitgroup.sk\/autopozicovna\/\",\"name\":\"Autoprofit Rent\",\"description\":\"Autoprofit Group - po\u017ei\u010dov\u0148a vozidiel\",\"potentialAction\":[{\"@type\":\"SearchAction\",\"target\":{\"@type\":\"EntryPoint\",\"urlTemplate\":\"https:\/\/www.autoprofitgroup.sk\/autopozicovna\/?s={search_term_string}\"},\"query-input\":{\"@type\":\"PropertyValueSpecification\",\"valueRequired\":true,\"valueName\":\"search_term_string\"}}],\"inLanguage\":\"sk-SK\"}]}<\/script>\n<!-- \/ Yoast SEO plugin. -->","yoast_head_json":{"title":"VIACMIESTNE - Autoprofit Rent","robots":{"index":"index","follow":"follow","max-snippet":"max-snippet:-1","max-image-preview":"max-image-preview:large","max-video-preview":"max-video-preview:-1"},"canonical":"https:\/\/www.autoprofitgroup.sk\/autopozicovna\/viacmiestne\/","og_locale":"sk_SK","og_type":"article","og_title":"VIACMIESTNE - Autoprofit Rent","og_url":"https:\/\/www.autoprofitgroup.sk\/autopozicovna\/viacmiestne\/","og_site_name":"Autoprofit Rent","article_modified_time":"2019-11-08T09:24:57+00:00","twitter_card":"summary_large_image","twitter_misc":{"Predpokladan\u00fd \u010das \u010d\u00edtania":"1 min\u00fata"},"schema":{"@context":"https:\/\/schema.org","@graph":[{"@type":"WebPage","@id":"https:\/\/www.autoprofitgroup.sk\/autopozicovna\/viacmiestne\/","url":"https:\/\/www.autoprofitgroup.sk\/autopozicovna\/viacmiestne\/","name":"VIACMIESTNE - Autoprofit Rent","isPartOf":{"@id":"https:\/\/www.autoprofitgroup.sk\/autopozicovna\/#website"},"datePublished":"2019-11-08T09:22:05+00:00","dateModified":"2019-11-08T09:24:57+00:00","breadcrumb":{"@id":"https:\/\/www.autoprofitgroup.sk\/autopozicovna\/viacmiestne\/#breadcrumb"},"inLanguage":"sk-SK","potentialAction":[{"@type":"ReadAction","target":["https:\/\/www.autoprofitgroup.sk\/autopozicovna\/viacmiestne\/"]}]},{"@type":"BreadcrumbList","@id":"https:\/\/www.autoprofitgroup.sk\/autopozicovna\/viacmiestne\/#breadcrumb","itemListElement":[{"@type":"ListItem","position":1,"name":"Home","item":"https:\/\/www.autoprofitgroup.sk\/autopozicovna\/autoprofit-group-pozicovna\/"},{"@type":"ListItem","position":2,"name":"VIACMIESTNE"}]},{"@type":"WebSite","@id":"https:\/\/www.autoprofitgroup.sk\/autopozicovna\/#website","url":"https:\/\/www.autoprofitgroup.sk\/autopozicovna\/","name":"Autoprofit Rent","description":"Autoprofit Group - po\u017ei\u010dov\u0148a vozidiel","potentialAction":[{"@type":"SearchAction","target":{"@type":"EntryPoint","urlTemplate":"https:\/\/www.autoprofitgroup.sk\/autopozicovna\/?s={search_term_string}"},"query-input":{"@type":"PropertyValueSpecification","valueRequired":true,"valueName":"search_term_string"}}],"inLanguage":"sk-SK"}]}},"_links":{"self":[{"href":"https:\/\/www.autoprofitgroup.sk\/autopozicovna\/wp-json\/wp\/v2\/pages\/480","targetHints":{"allow":["GET"]}}],"collection":[{"href":"https:\/\/www.autoprofitgroup.sk\/autopozicovna\/wp-json\/wp\/v2\/pages"}],"about":[{"href":"https:\/\/www.autoprofitgroup.sk\/autopozicovna\/wp-json\/wp\/v2\/types\/page"}],"author":[{"embeddable":true,"href":"https:\/\/www.autoprofitgroup.sk\/autopozicovna\/wp-json\/wp\/v2\/users\/1"}],"replies":[{"embeddable":true,"href":"https:\/\/www.autoprofitgroup.sk\/autopozicovna\/wp-json\/wp\/v2\/comments?post=480"}],"version-history":[{"count":3,"href":"https:\/\/www.autoprofitgroup.sk\/autopozicovna\/wp-json\/wp\/v2\/pages\/480\/revisions"}],"predecessor-version":[{"id":1533,"href":"https:\/\/www.autoprofitgroup.sk\/autopozicovna\/wp-json\/wp\/v2\/pages\/480\/revisions\/1533"}],"wp:attachment":[{"href":"https:\/\/www.autoprofitgroup.sk\/autopozicovna\/wp-json\/wp\/v2\/media?parent=480"}],"curies":[{"name":"wp","href":"https:\/\/api.w.org\/{rel}","templated":true}]}}