{"id":474,"date":"2019-11-08T10:19:24","date_gmt":"2019-11-08T09:19:24","guid":{"rendered":"https:\/\/www.autoprofitgroup.sk\/autopozicovna\/?page_id=474"},"modified":"2019-11-08T10:28:15","modified_gmt":"2019-11-08T09:28:15","slug":"osobne","status":"publish","type":"page","link":"https:\/\/www.autoprofitgroup.sk\/autopozicovna\/osobne\/","title":{"rendered":"OSOBN\u00c9"},"content":{"rendered":"<div id='av_section_1'  class='avia-section av-akrnh-40f3880c8c54126a090e5a4dd0759669 main_color avia-section-default avia-no-border-styling  avia-builder-el-0  avia-builder-el-no-sibling  avia-bg-style-scroll container_wrap fullsize'  ><div class='container av-section-cont-open' ><main  class='template-page content  av-content-full alpha units'><div class='post-entry post-entry-type-page post-entry-474'><div class='entry-content-wrapper clearfix'>\n<div  id=\"av-sc-portfolio-1\"  class=\"av-portfolio-grid-sorting-container\"><div class='sort_width_container  av-sort-yes' data-portfolio-id='1' ><div id='js_sort_items' ><div class='sort_by_cat '><a href=\"#\" data-filter=\"all_sort\" class=\"all_sort_button active_sort\"><span class=\"inner_sort_button\"><span>V\u0161etko<\/span><small class=\"av-cat-count\"> 10 <\/small><\/span><\/a><span class=\"text-sep comfort_sort_sep\">\/<\/span><a href=\"#\" data-filter=\"comfort_sort\" class=\"comfort_sort_button\" ><span class=\"inner_sort_button\"><span>COMFORT<\/span><small class=\"av-cat-count\"> 7 <\/small><\/span><\/a><span class=\"text-sep economy_sort_sep\">\/<\/span><a href=\"#\" data-filter=\"economy_sort\" class=\"economy_sort_button\" ><span class=\"inner_sort_button\"><span>ECONOMY<\/span><small class=\"av-cat-count\"> 2 <\/small><\/span><\/a><span class=\"text-sep lowcost_sort_sep\">\/<\/span><a href=\"#\" data-filter=\"lowcost_sort\" class=\"lowcost_sort_button\" ><span class=\"inner_sort_button\"><span>LOWCOST<\/span><small class=\"av-cat-count\"> 1 <\/small><\/span><\/a><\/div><\/div><\/div><div  class=' grid-sort-container isotope   no_margin-container with-title-container grid-total-even grid-col-3 grid-links-' data-portfolio-id='1'><div data-ajax-id='105' class=' grid-entry flex_column isotope-item all_sort no_margin post-entry post-entry-105 grid-entry-overview grid-loop-1 grid-parity-odd  cadca_sort lowcost_sort osobne_sort  av_one_third first default_av_fullwidth '><article class='main_color inner-entry' ><a href=\"https:\/\/www.autoprofitgroup.sk\/autopozicovna\/vozidlo\/lada-vesta\/\" title='LADA Vesta'  data-rel='grid-1' class='grid-image avia-hover-fx'> <img decoding=\"async\" fetchpriority=\"high\" width=\"705\" height=\"384\" src=\"https:\/\/www.autoprofitgroup.sk\/autopozicovna\/wp-content\/uploads\/sites\/2\/2019\/11\/Lada-Vesta-_Autopozicovna-nahladove-obrazky.jpg\" class=\"wp-image-1464 avia-img-lazy-loading-not-1464 attachment-no scaling size-no scaling wp-post-image\" alt=\"\" srcset=\"https:\/\/www.autoprofitgroup.sk\/autopozicovna\/wp-content\/uploads\/sites\/2\/2019\/11\/Lada-Vesta-_Autopozicovna-nahladove-obrazky.jpg 705w, https:\/\/www.autoprofitgroup.sk\/autopozicovna\/wp-content\/uploads\/sites\/2\/2019\/11\/Lada-Vesta-_Autopozicovna-nahladove-obrazky-300x163.jpg 300w\" sizes=\"(max-width: 705px) 100vw, 705px\" \/><\/a><div class='grid-content'><div class='avia-arrow'><\/div><header class=\"entry-content-header\" aria-label=\"Portfolio: LADA Vesta\"><h3 class='grid-entry-title entry-title ' ><a href='https:\/\/www.autoprofitgroup.sk\/autopozicovna\/vozidlo\/lada-vesta\/' title='LADA Vesta'>LADA Vesta<\/a><\/h3><\/header><\/div><footer class=\"entry-footer\"><\/footer><\/article><\/div><div data-ajax-id='1204' class=' grid-entry flex_column isotope-item all_sort no_margin post-entry post-entry-1204 grid-entry-overview grid-loop-2 grid-parity-even  cadca_sort economy_sort osobne_sort  av_one_third  default_av_fullwidth '><article class='main_color inner-entry' ><a href=\"https:\/\/www.autoprofitgroup.sk\/autopozicovna\/vozidlo\/skoda-scala\/\" title='\u0160koda Scala'  data-rel='grid-1' class='grid-image avia-hover-fx'> <img decoding=\"async\" fetchpriority=\"high\" width=\"705\" height=\"384\" src=\"https:\/\/www.autoprofitgroup.sk\/autopozicovna\/wp-content\/uploads\/sites\/2\/2024\/11\/Autopozicovna-nahladove-obrazky-3.jpg\" class=\"wp-image-1458 avia-img-lazy-loading-not-1458 attachment-no scaling size-no scaling wp-post-image\" alt=\"\" srcset=\"https:\/\/www.autoprofitgroup.sk\/autopozicovna\/wp-content\/uploads\/sites\/2\/2024\/11\/Autopozicovna-nahladove-obrazky-3.jpg 705w, https:\/\/www.autoprofitgroup.sk\/autopozicovna\/wp-content\/uploads\/sites\/2\/2024\/11\/Autopozicovna-nahladove-obrazky-3-300x163.jpg 300w\" sizes=\"(max-width: 705px) 100vw, 705px\" \/><\/a><div class='grid-content'><div class='avia-arrow'><\/div><header class=\"entry-content-header\" aria-label=\"Portfolio: \u0160koda Scala\"><h3 class='grid-entry-title entry-title ' ><a href='https:\/\/www.autoprofitgroup.sk\/autopozicovna\/vozidlo\/skoda-scala\/' title='\u0160koda Scala'>\u0160koda Scala<\/a><\/h3><\/header><\/div><footer class=\"entry-footer\"><\/footer><\/article><\/div><div data-ajax-id='1788' class=' grid-entry flex_column isotope-item all_sort no_margin post-entry post-entry-1788 grid-entry-overview grid-loop-3 grid-parity-odd  cadca_sort economy_sort osobne_sort  av_one_third  default_av_fullwidth '><article class='main_color inner-entry' ><a href=\"https:\/\/www.autoprofitgroup.sk\/autopozicovna\/vozidlo\/skoda-karoq\/\" title='\u0160koda Karoq'  data-rel='grid-1' class='grid-image avia-hover-fx'> <img decoding=\"async\" fetchpriority=\"high\" width=\"705\" height=\"384\" src=\"https:\/\/www.autoprofitgroup.sk\/autopozicovna\/wp-content\/uploads\/sites\/2\/2026\/03\/Autopozicovna_Skoda-Karoq_cervena-metaliza.png\" class=\"wp-image-1790 avia-img-lazy-loading-not-1790 attachment-no scaling size-no scaling wp-post-image\" alt=\"\" srcset=\"https:\/\/www.autoprofitgroup.sk\/autopozicovna\/wp-content\/uploads\/sites\/2\/2026\/03\/Autopozicovna_Skoda-Karoq_cervena-metaliza.png 705w, https:\/\/www.autoprofitgroup.sk\/autopozicovna\/wp-content\/uploads\/sites\/2\/2026\/03\/Autopozicovna_Skoda-Karoq_cervena-metaliza-300x163.png 300w\" sizes=\"(max-width: 705px) 100vw, 705px\" \/><\/a><div class='grid-content'><div class='avia-arrow'><\/div><header class=\"entry-content-header\" aria-label=\"Portfolio: \u0160koda Karoq\"><h3 class='grid-entry-title entry-title ' ><a href='https:\/\/www.autoprofitgroup.sk\/autopozicovna\/vozidlo\/skoda-karoq\/' title='\u0160koda Karoq'>\u0160koda Karoq<\/a><\/h3><\/header><\/div><footer class=\"entry-footer\"><\/footer><\/article><\/div><div data-ajax-id='1815' class=' grid-entry flex_column isotope-item all_sort no_margin post-entry post-entry-1815 grid-entry-overview grid-loop-4 grid-parity-even  cadca_sort comfort_sort osobne_sort  av_one_third first default_av_fullwidth '><article class='main_color inner-entry' ><a href=\"https:\/\/www.autoprofitgroup.sk\/autopozicovna\/vozidlo\/peugeot-308-sw-2\/\" title='Peugeot 308 SW'  data-rel='grid-1' class='grid-image avia-hover-fx'> <img decoding=\"async\" fetchpriority=\"high\" width=\"705\" height=\"384\" src=\"https:\/\/www.autoprofitgroup.sk\/autopozicovna\/wp-content\/uploads\/sites\/2\/2026\/04\/Autopozicovna-nahladove-obrazky-7.png\" class=\"wp-image-1817 avia-img-lazy-loading-not-1817 attachment-no scaling size-no scaling wp-post-image\" alt=\"\" srcset=\"https:\/\/www.autoprofitgroup.sk\/autopozicovna\/wp-content\/uploads\/sites\/2\/2026\/04\/Autopozicovna-nahladove-obrazky-7.png 705w, https:\/\/www.autoprofitgroup.sk\/autopozicovna\/wp-content\/uploads\/sites\/2\/2026\/04\/Autopozicovna-nahladove-obrazky-7-300x163.png 300w\" sizes=\"(max-width: 705px) 100vw, 705px\" \/><\/a><div class='grid-content'><div class='avia-arrow'><\/div><header class=\"entry-content-header\" aria-label=\"Portfolio: Peugeot 308 SW\"><h3 class='grid-entry-title entry-title ' ><a href='https:\/\/www.autoprofitgroup.sk\/autopozicovna\/vozidlo\/peugeot-308-sw-2\/' title='Peugeot 308 SW'>Peugeot 308 SW<\/a><\/h3><\/header><\/div><footer class=\"entry-footer\"><\/footer><\/article><\/div><div data-ajax-id='1781' class=' grid-entry flex_column isotope-item all_sort no_margin post-entry post-entry-1781 grid-entry-overview grid-loop-5 grid-parity-odd  cadca_sort comfort_sort osobne_sort  av_one_third  default_av_fullwidth '><article class='main_color inner-entry' ><a href=\"https:\/\/www.autoprofitgroup.sk\/autopozicovna\/vozidlo\/skoda-octavia-sedan\/\" title='\u0160koda Octavia Sedan'  data-rel='grid-1' class='grid-image avia-hover-fx'> <img decoding=\"async\" fetchpriority=\"high\" width=\"705\" height=\"384\" src=\"https:\/\/www.autoprofitgroup.sk\/autopozicovna\/wp-content\/uploads\/sites\/2\/2026\/03\/Autopozicovna-Skoda-Octavia-Sedan_hneda-metalizia.png\" class=\"wp-image-1783 avia-img-lazy-loading-not-1783 attachment-no scaling size-no scaling wp-post-image\" alt=\"\" srcset=\"https:\/\/www.autoprofitgroup.sk\/autopozicovna\/wp-content\/uploads\/sites\/2\/2026\/03\/Autopozicovna-Skoda-Octavia-Sedan_hneda-metalizia.png 705w, https:\/\/www.autoprofitgroup.sk\/autopozicovna\/wp-content\/uploads\/sites\/2\/2026\/03\/Autopozicovna-Skoda-Octavia-Sedan_hneda-metalizia-300x163.png 300w\" sizes=\"(max-width: 705px) 100vw, 705px\" \/><\/a><div class='grid-content'><div class='avia-arrow'><\/div><header class=\"entry-content-header\" aria-label=\"Portfolio: \u0160koda Octavia Sedan\"><h3 class='grid-entry-title entry-title ' ><a href='https:\/\/www.autoprofitgroup.sk\/autopozicovna\/vozidlo\/skoda-octavia-sedan\/' title='\u0160koda Octavia Sedan'>\u0160koda Octavia Sedan<\/a><\/h3><\/header><\/div><footer class=\"entry-footer\"><\/footer><\/article><\/div><div data-ajax-id='1720' class=' grid-entry flex_column isotope-item all_sort no_margin post-entry post-entry-1720 grid-entry-overview grid-loop-6 grid-parity-even  cadca_sort comfort_sort osobne_sort  av_one_third  default_av_fullwidth '><article class='main_color inner-entry' ><a href=\"https:\/\/www.autoprofitgroup.sk\/autopozicovna\/vozidlo\/skoda-octavia-combi-3\/\" title='\u0160koda Octavia, Combi'  data-rel='grid-1' class='grid-image avia-hover-fx'> <img decoding=\"async\" fetchpriority=\"high\" width=\"705\" height=\"384\" src=\"https:\/\/www.autoprofitgroup.sk\/autopozicovna\/wp-content\/uploads\/sites\/2\/2026\/01\/Autopozicovna-nahladove-obrazky-6.png\" class=\"wp-image-1739 avia-img-lazy-loading-not-1739 attachment-no scaling size-no scaling wp-post-image\" alt=\"\" srcset=\"https:\/\/www.autoprofitgroup.sk\/autopozicovna\/wp-content\/uploads\/sites\/2\/2026\/01\/Autopozicovna-nahladove-obrazky-6.png 705w, https:\/\/www.autoprofitgroup.sk\/autopozicovna\/wp-content\/uploads\/sites\/2\/2026\/01\/Autopozicovna-nahladove-obrazky-6-300x163.png 300w\" sizes=\"(max-width: 705px) 100vw, 705px\" \/><\/a><div class='grid-content'><div class='avia-arrow'><\/div><header class=\"entry-content-header\" aria-label=\"Portfolio: \u0160koda Octavia, Combi\"><h3 class='grid-entry-title entry-title ' ><a href='https:\/\/www.autoprofitgroup.sk\/autopozicovna\/vozidlo\/skoda-octavia-combi-3\/' title='\u0160koda Octavia, Combi'>\u0160koda Octavia, Combi<\/a><\/h3><\/header><\/div><footer class=\"entry-footer\"><\/footer><\/article><\/div><div data-ajax-id='1649' class=' grid-entry flex_column isotope-item all_sort no_margin post-entry post-entry-1649 grid-entry-overview grid-loop-7 grid-parity-odd  cadca_sort comfort_sort osobne_sort  av_one_third first default_av_fullwidth '><article class='main_color inner-entry' ><a href=\"https:\/\/www.autoprofitgroup.sk\/autopozicovna\/vozidlo\/skoda-octavia-combi\/\" title='\u0160koda Octavia, Combi.'  data-rel='grid-1' class='grid-image avia-hover-fx'> <img decoding=\"async\" fetchpriority=\"high\" width=\"705\" height=\"384\" src=\"https:\/\/www.autoprofitgroup.sk\/autopozicovna\/wp-content\/uploads\/sites\/2\/2025\/07\/Skoda-Octavia-Combi_nadhladovy-obrazok.jpg\" class=\"wp-image-1650 avia-img-lazy-loading-not-1650 attachment-no scaling size-no scaling wp-post-image\" alt=\"\" srcset=\"https:\/\/www.autoprofitgroup.sk\/autopozicovna\/wp-content\/uploads\/sites\/2\/2025\/07\/Skoda-Octavia-Combi_nadhladovy-obrazok.jpg 705w, https:\/\/www.autoprofitgroup.sk\/autopozicovna\/wp-content\/uploads\/sites\/2\/2025\/07\/Skoda-Octavia-Combi_nadhladovy-obrazok-300x163.jpg 300w\" sizes=\"(max-width: 705px) 100vw, 705px\" \/><\/a><div class='grid-content'><div class='avia-arrow'><\/div><header class=\"entry-content-header\" aria-label=\"Portfolio: \u0160koda Octavia, Combi.\"><h3 class='grid-entry-title entry-title ' ><a href='https:\/\/www.autoprofitgroup.sk\/autopozicovna\/vozidlo\/skoda-octavia-combi\/' title='\u0160koda Octavia, Combi.'>\u0160koda Octavia, Combi.<\/a><\/h3><\/header><\/div><footer class=\"entry-footer\"><\/footer><\/article><\/div><div data-ajax-id='1742' class=' grid-entry flex_column isotope-item all_sort no_margin post-entry post-entry-1742 grid-entry-overview grid-loop-8 grid-parity-even  cadca_sort comfort_sort osobne_sort  av_one_third  default_av_fullwidth '><article class='main_color inner-entry' ><a href=\"https:\/\/www.autoprofitgroup.sk\/autopozicovna\/vozidlo\/skoda-octavia-combi-4\/\" title='\u0160koda Octavia, Combi'  data-rel='grid-1' class='grid-image avia-hover-fx'> <img decoding=\"async\" fetchpriority=\"high\" width=\"705\" height=\"384\" src=\"https:\/\/www.autoprofitgroup.sk\/autopozicovna\/wp-content\/uploads\/sites\/2\/2021\/06\/Autopozicovna-nahladove-obrazky-5.jpg\" class=\"wp-image-1525 avia-img-lazy-loading-not-1525 attachment-no scaling size-no scaling wp-post-image\" alt=\"\" srcset=\"https:\/\/www.autoprofitgroup.sk\/autopozicovna\/wp-content\/uploads\/sites\/2\/2021\/06\/Autopozicovna-nahladove-obrazky-5.jpg 705w, https:\/\/www.autoprofitgroup.sk\/autopozicovna\/wp-content\/uploads\/sites\/2\/2021\/06\/Autopozicovna-nahladove-obrazky-5-300x163.jpg 300w\" sizes=\"(max-width: 705px) 100vw, 705px\" \/><\/a><div class='grid-content'><div class='avia-arrow'><\/div><header class=\"entry-content-header\" aria-label=\"Portfolio: \u0160koda Octavia, Combi\"><h3 class='grid-entry-title entry-title ' ><a href='https:\/\/www.autoprofitgroup.sk\/autopozicovna\/vozidlo\/skoda-octavia-combi-4\/' title='\u0160koda Octavia, Combi'>\u0160koda Octavia, Combi<\/a><\/h3><\/header><\/div><footer class=\"entry-footer\"><\/footer><\/article><\/div><div data-ajax-id='999' class=' grid-entry flex_column isotope-item all_sort no_margin post-entry post-entry-999 grid-entry-overview grid-loop-9 grid-parity-odd  cadca_sort comfort_sort osobne_sort  av_one_third  default_av_fullwidth '><article class='main_color inner-entry' ><a href=\"https:\/\/www.autoprofitgroup.sk\/autopozicovna\/vozidlo\/skoda-octavia-combi-2\/\" title='\u0160koda Octavia, Combi'  data-rel='grid-1' class='grid-image avia-hover-fx'> <img decoding=\"async\" fetchpriority=\"high\" width=\"705\" height=\"384\" src=\"https:\/\/www.autoprofitgroup.sk\/autopozicovna\/wp-content\/uploads\/sites\/2\/2021\/06\/Autopozicovna-nahladove-obrazky-5.jpg\" class=\"wp-image-1525 avia-img-lazy-loading-not-1525 attachment-no scaling size-no scaling wp-post-image\" alt=\"\" srcset=\"https:\/\/www.autoprofitgroup.sk\/autopozicovna\/wp-content\/uploads\/sites\/2\/2021\/06\/Autopozicovna-nahladove-obrazky-5.jpg 705w, https:\/\/www.autoprofitgroup.sk\/autopozicovna\/wp-content\/uploads\/sites\/2\/2021\/06\/Autopozicovna-nahladove-obrazky-5-300x163.jpg 300w\" sizes=\"(max-width: 705px) 100vw, 705px\" \/><\/a><div class='grid-content'><div class='avia-arrow'><\/div><header class=\"entry-content-header\" aria-label=\"Portfolio: \u0160koda Octavia, Combi\"><h3 class='grid-entry-title entry-title ' ><a href='https:\/\/www.autoprofitgroup.sk\/autopozicovna\/vozidlo\/skoda-octavia-combi-2\/' title='\u0160koda Octavia, Combi'>\u0160koda Octavia, Combi<\/a><\/h3><\/header><\/div><footer class=\"entry-footer\"><\/footer><\/article><\/div><div data-ajax-id='1822' class=' grid-entry flex_column isotope-item all_sort no_margin post-entry post-entry-1822 grid-entry-overview grid-loop-10 grid-parity-even  post-entry-last  cadca_sort comfort_sort osobne_sort  av_one_third first default_av_fullwidth '><article class='main_color inner-entry' ><a href=\"https:\/\/www.autoprofitgroup.sk\/autopozicovna\/vozidlo\/hyundai-i30-hatchback-3\/\" title='Hyundai i30 Hatchback'  data-rel='grid-1' class='grid-image avia-hover-fx'> <img decoding=\"async\" fetchpriority=\"high\" width=\"705\" height=\"384\" src=\"https:\/\/www.autoprofitgroup.sk\/autopozicovna\/wp-content\/uploads\/sites\/2\/2022\/11\/Hyundai-i30_Autopozicovna-nahladove-obrazky.jpg\" class=\"wp-image-1461 avia-img-lazy-loading-not-1461 attachment-no scaling size-no scaling wp-post-image\" alt=\"\" srcset=\"https:\/\/www.autoprofitgroup.sk\/autopozicovna\/wp-content\/uploads\/sites\/2\/2022\/11\/Hyundai-i30_Autopozicovna-nahladove-obrazky.jpg 705w, https:\/\/www.autoprofitgroup.sk\/autopozicovna\/wp-content\/uploads\/sites\/2\/2022\/11\/Hyundai-i30_Autopozicovna-nahladove-obrazky-300x163.jpg 300w\" sizes=\"(max-width: 705px) 100vw, 705px\" \/><\/a><div class='grid-content'><div class='avia-arrow'><\/div><header class=\"entry-content-header\" aria-label=\"Portfolio: Hyundai i30 Hatchback\"><h3 class='grid-entry-title entry-title ' ><a href='https:\/\/www.autoprofitgroup.sk\/autopozicovna\/vozidlo\/hyundai-i30-hatchback-3\/' title='Hyundai i30 Hatchback'>Hyundai i30 Hatchback<\/a><\/h3><\/header><\/div><footer class=\"entry-footer\"><\/footer><\/article><\/div><\/div><\/div>   <!--   class=\"av-portfolio-grid-sorting-container\"  -->\n\n","protected":false},"excerpt":{"rendered":"","protected":false},"author":1,"featured_media":0,"parent":0,"menu_order":0,"comment_status":"closed","ping_status":"closed","template":"","meta":{"footnotes":""},"class_list":["post-474","page","type-page","status-publish","hentry"],"yoast_head":"<!-- This site is optimized with the Yoast SEO plugin v26.5 - https:\/\/yoast.com\/wordpress\/plugins\/seo\/ -->\n<title>OSOBN\u00c9 - Autoprofit Rent<\/title>\n<meta name=\"robots\" content=\"index, follow, max-snippet:-1, max-image-preview:large, max-video-preview:-1\" \/>\n<link rel=\"canonical\" href=\"https:\/\/www.autoprofitgroup.sk\/autopozicovna\/osobne\/\" \/>\n<meta property=\"og:locale\" content=\"sk_SK\" \/>\n<meta property=\"og:type\" content=\"article\" \/>\n<meta property=\"og:title\" content=\"OSOBN\u00c9 - Autoprofit Rent\" \/>\n<meta property=\"og:url\" content=\"https:\/\/www.autoprofitgroup.sk\/autopozicovna\/osobne\/\" \/>\n<meta property=\"og:site_name\" content=\"Autoprofit Rent\" \/>\n<meta property=\"article:modified_time\" content=\"2019-11-08T09:28:15+00:00\" \/>\n<meta name=\"twitter:card\" content=\"summary_large_image\" \/>\n<meta name=\"twitter:label1\" content=\"Predpokladan\u00fd \u010das \u010d\u00edtania\" \/>\n\t<meta name=\"twitter:data1\" content=\"1 min\u00fata\" \/>\n<script type=\"application\/ld+json\" class=\"yoast-schema-graph\">{\"@context\":\"https:\/\/schema.org\",\"@graph\":[{\"@type\":\"WebPage\",\"@id\":\"https:\/\/www.autoprofitgroup.sk\/autopozicovna\/osobne\/\",\"url\":\"https:\/\/www.autoprofitgroup.sk\/autopozicovna\/osobne\/\",\"name\":\"OSOBN\u00c9 - Autoprofit Rent\",\"isPartOf\":{\"@id\":\"https:\/\/www.autoprofitgroup.sk\/autopozicovna\/#website\"},\"datePublished\":\"2019-11-08T09:19:24+00:00\",\"dateModified\":\"2019-11-08T09:28:15+00:00\",\"breadcrumb\":{\"@id\":\"https:\/\/www.autoprofitgroup.sk\/autopozicovna\/osobne\/#breadcrumb\"},\"inLanguage\":\"sk-SK\",\"potentialAction\":[{\"@type\":\"ReadAction\",\"target\":[\"https:\/\/www.autoprofitgroup.sk\/autopozicovna\/osobne\/\"]}]},{\"@type\":\"BreadcrumbList\",\"@id\":\"https:\/\/www.autoprofitgroup.sk\/autopozicovna\/osobne\/#breadcrumb\",\"itemListElement\":[{\"@type\":\"ListItem\",\"position\":1,\"name\":\"Home\",\"item\":\"https:\/\/www.autoprofitgroup.sk\/autopozicovna\/autoprofit-group-pozicovna\/\"},{\"@type\":\"ListItem\",\"position\":2,\"name\":\"OSOBN\u00c9\"}]},{\"@type\":\"WebSite\",\"@id\":\"https:\/\/www.autoprofitgroup.sk\/autopozicovna\/#website\",\"url\":\"https:\/\/www.autoprofitgroup.sk\/autopozicovna\/\",\"name\":\"Autoprofit Rent\",\"description\":\"Autoprofit Group - po\u017ei\u010dov\u0148a vozidiel\",\"potentialAction\":[{\"@type\":\"SearchAction\",\"target\":{\"@type\":\"EntryPoint\",\"urlTemplate\":\"https:\/\/www.autoprofitgroup.sk\/autopozicovna\/?s={search_term_string}\"},\"query-input\":{\"@type\":\"PropertyValueSpecification\",\"valueRequired\":true,\"valueName\":\"search_term_string\"}}],\"inLanguage\":\"sk-SK\"}]}<\/script>\n<!-- \/ Yoast SEO plugin. -->","yoast_head_json":{"title":"OSOBN\u00c9 - Autoprofit Rent","robots":{"index":"index","follow":"follow","max-snippet":"max-snippet:-1","max-image-preview":"max-image-preview:large","max-video-preview":"max-video-preview:-1"},"canonical":"https:\/\/www.autoprofitgroup.sk\/autopozicovna\/osobne\/","og_locale":"sk_SK","og_type":"article","og_title":"OSOBN\u00c9 - Autoprofit Rent","og_url":"https:\/\/www.autoprofitgroup.sk\/autopozicovna\/osobne\/","og_site_name":"Autoprofit Rent","article_modified_time":"2019-11-08T09:28:15+00:00","twitter_card":"summary_large_image","twitter_misc":{"Predpokladan\u00fd \u010das \u010d\u00edtania":"1 min\u00fata"},"schema":{"@context":"https:\/\/schema.org","@graph":[{"@type":"WebPage","@id":"https:\/\/www.autoprofitgroup.sk\/autopozicovna\/osobne\/","url":"https:\/\/www.autoprofitgroup.sk\/autopozicovna\/osobne\/","name":"OSOBN\u00c9 - Autoprofit Rent","isPartOf":{"@id":"https:\/\/www.autoprofitgroup.sk\/autopozicovna\/#website"},"datePublished":"2019-11-08T09:19:24+00:00","dateModified":"2019-11-08T09:28:15+00:00","breadcrumb":{"@id":"https:\/\/www.autoprofitgroup.sk\/autopozicovna\/osobne\/#breadcrumb"},"inLanguage":"sk-SK","potentialAction":[{"@type":"ReadAction","target":["https:\/\/www.autoprofitgroup.sk\/autopozicovna\/osobne\/"]}]},{"@type":"BreadcrumbList","@id":"https:\/\/www.autoprofitgroup.sk\/autopozicovna\/osobne\/#breadcrumb","itemListElement":[{"@type":"ListItem","position":1,"name":"Home","item":"https:\/\/www.autoprofitgroup.sk\/autopozicovna\/autoprofit-group-pozicovna\/"},{"@type":"ListItem","position":2,"name":"OSOBN\u00c9"}]},{"@type":"WebSite","@id":"https:\/\/www.autoprofitgroup.sk\/autopozicovna\/#website","url":"https:\/\/www.autoprofitgroup.sk\/autopozicovna\/","name":"Autoprofit Rent","description":"Autoprofit Group - po\u017ei\u010dov\u0148a vozidiel","potentialAction":[{"@type":"SearchAction","target":{"@type":"EntryPoint","urlTemplate":"https:\/\/www.autoprofitgroup.sk\/autopozicovna\/?s={search_term_string}"},"query-input":{"@type":"PropertyValueSpecification","valueRequired":true,"valueName":"search_term_string"}}],"inLanguage":"sk-SK"}]}},"_links":{"self":[{"href":"https:\/\/www.autoprofitgroup.sk\/autopozicovna\/wp-json\/wp\/v2\/pages\/474","targetHints":{"allow":["GET"]}}],"collection":[{"href":"https:\/\/www.autoprofitgroup.sk\/autopozicovna\/wp-json\/wp\/v2\/pages"}],"about":[{"href":"https:\/\/www.autoprofitgroup.sk\/autopozicovna\/wp-json\/wp\/v2\/types\/page"}],"author":[{"embeddable":true,"href":"https:\/\/www.autoprofitgroup.sk\/autopozicovna\/wp-json\/wp\/v2\/users\/1"}],"replies":[{"embeddable":true,"href":"https:\/\/www.autoprofitgroup.sk\/autopozicovna\/wp-json\/wp\/v2\/comments?post=474"}],"version-history":[{"count":3,"href":"https:\/\/www.autoprofitgroup.sk\/autopozicovna\/wp-json\/wp\/v2\/pages\/474\/revisions"}],"predecessor-version":[{"id":1680,"href":"https:\/\/www.autoprofitgroup.sk\/autopozicovna\/wp-json\/wp\/v2\/pages\/474\/revisions\/1680"}],"wp:attachment":[{"href":"https:\/\/www.autoprofitgroup.sk\/autopozicovna\/wp-json\/wp\/v2\/media?parent=474"}],"curies":[{"name":"wp","href":"https:\/\/api.w.org\/{rel}","templated":true}]}}