{"id":46,"date":"2019-11-02T13:05:00","date_gmt":"2019-11-02T12:05:00","guid":{"rendered":"https:\/\/www.autoprofitgroup.sk\/autopozicovna\/?page_id=46"},"modified":"2019-11-06T00:43:22","modified_gmt":"2019-11-05T23:43:22","slug":"lada-vesta","status":"publish","type":"page","link":"https:\/\/www.autoprofitgroup.sk\/autopozicovna\/lada-vesta\/","title":{"rendered":"ZA Lada Vesta"},"content":{"rendered":"<div id='av_section_1'  class='avia-section av-1zna2-fbaed1127284ff7c701d82334b8e326a main_color avia-section-default avia-no-border-styling  avia-builder-el-0  avia-builder-el-no-sibling  avia-bg-style-scroll container_wrap fullsize'  ><div class='container av-section-cont-open' ><main  class='template-page content  av-content-full alpha units'><div class='post-entry post-entry-type-page post-entry-46'><div class='entry-content-wrapper clearfix'>\n\n<style type=\"text\/css\" data-created_by=\"avia_inline_auto\" id=\"style-css-av-av_heading-95d46a113aff7329344a09cf6c017491\">\n#top .av-special-heading.av-av_heading-95d46a113aff7329344a09cf6c017491{\npadding-bottom:10px;\n}\nbody .av-special-heading.av-av_heading-95d46a113aff7329344a09cf6c017491 .av-special-heading-tag .heading-char{\nfont-size:25px;\n}\n.av-special-heading.av-av_heading-95d46a113aff7329344a09cf6c017491 .av-subheading{\nfont-size:15px;\n}\n<\/style>\n<div  class='av-special-heading av-av_heading-95d46a113aff7329344a09cf6c017491 av-special-heading-h2 blockquote modern-quote  avia-builder-el-1  el_before_av_three_fourth  avia-builder-el-first '><h2 class='av-special-heading-tag '  >LADA Vesta SW<\/h2><div class=\"special-heading-border\"><div class=\"special-heading-inner-border\"><\/div><\/div><\/div>\n\n<style type=\"text\/css\" data-created_by=\"avia_inline_auto\" id=\"style-css-av-19rke-f569c445d7d7e6a4bbfbdde3088047e2\">\n.flex_column.av-19rke-f569c445d7d7e6a4bbfbdde3088047e2{\nborder-radius:0px 0px 0px 0px;\npadding:0px 0px 0px 0px;\n}\n<\/style>\n<div  class='flex_column av-19rke-f569c445d7d7e6a4bbfbdde3088047e2 av_three_fourth  avia-builder-el-2  el_after_av_heading  el_before_av_one_fourth  first flex_column_div av-zero-column-padding  '     ><p>\n<style type=\"text\/css\" data-created_by=\"avia_inline_auto\" id=\"style-css-av-k2jp5go1-cf5dfc6b4c9bbf5b8b6febc8a704ce1c\">\n.avia-image-container.av-k2jp5go1-cf5dfc6b4c9bbf5b8b6febc8a704ce1c img.avia_image{\nbox-shadow:none;\n}\n.avia-image-container.av-k2jp5go1-cf5dfc6b4c9bbf5b8b6febc8a704ce1c .av-image-caption-overlay-center{\ncolor:#ffffff;\n}\n<\/style>\n<div  class='avia-image-container av-k2jp5go1-cf5dfc6b4c9bbf5b8b6febc8a704ce1c av-styling- avia_animated_image av-animated-when-visible-95 left-to-right avia-align-center  avia-builder-el-3  el_before_av_textblock  avia-builder-el-first '  ><div class=\"avia-image-container-inner\"><div class=\"avia-image-overlay-wrap\"><img decoding=\"async\" fetchpriority=\"high\" class='wp-image-62 avia-img-lazy-loading-not-62 avia_image ' src=\"https:\/\/www.autoprofitgroup.sk\/autopozicovna\/wp-content\/uploads\/sites\/2\/2019\/11\/lada-vespa.png\" alt='' title='lada-vespa'  height=\"427\" width=\"784\" srcset=\"https:\/\/www.autoprofitgroup.sk\/autopozicovna\/wp-content\/uploads\/sites\/2\/2019\/11\/lada-vespa.png 784w, https:\/\/www.autoprofitgroup.sk\/autopozicovna\/wp-content\/uploads\/sites\/2\/2019\/11\/lada-vespa-300x163.png 300w, https:\/\/www.autoprofitgroup.sk\/autopozicovna\/wp-content\/uploads\/sites\/2\/2019\/11\/lada-vespa-768x418.png 768w, https:\/\/www.autoprofitgroup.sk\/autopozicovna\/wp-content\/uploads\/sites\/2\/2019\/11\/lada-vespa-705x384.png 705w, https:\/\/www.autoprofitgroup.sk\/autopozicovna\/wp-content\/uploads\/sites\/2\/2019\/11\/lada-vespa-450x245.png 450w\" sizes=\"(max-width: 784px) 100vw, 784px\" \/><\/div><\/div><\/div><br \/>\n<section  class='av_textblock_section av-k2jp5rrx-3d70d0d8fedd3fe8b84c09e6fdb01bce '  ><div class='avia_textblock' ><table>\n<tbody>\n<tr>\n<th>po\u010det dn\u00ed<\/th>\n<th>1 de\u0148<\/th>\n<th>2 &#8211; 4 dni<\/th>\n<th>5 &#8211; 7 dn\u00ed<\/th>\n<th>8 &#8211; 14 dn\u00ed<\/th>\n<th>15 &#8211; 21 dn\u00ed<\/th>\n<th>22 &#8211; 30 dn\u00ed<\/th>\n<\/tr>\n<tr>\n<td>Denn\u00e1 sadzba<\/td>\n<td>20 \u20ac<\/td>\n<td>18 \u20ac<\/td>\n<td>17 \u20ac<\/td>\n<td>15 \u20ac<\/td>\n<td>14 \u20ac<\/td>\n<td>13 \u20ac<\/td>\n<\/tr>\n<\/tbody>\n<\/table>\n<\/div><\/section><br \/>\n<section  class='av_textblock_section av-k2jq0met-7ae2817ded6880cd197955c6de92165b '  ><div class='avia_textblock' ><p style=\"text-align: justify;\">LADA Vesta znamen\u00e1 pragmatizmus a eleganciu vyjadren\u00fa v l\u00ednii karos\u00e9rie. Rozhodne rozpoznate\u013en\u00fd, brilantn\u00fd a vyv\u00e1\u017een\u00fd dizajn LADA VESTA zaujme ka\u017ed\u00e9ho. Kontrast \u201eX-grafika\u201c je ako v mrie\u017eke chladi\u010da VESTA, tak aj v koncov\u00fdch svetl\u00e1ch a v interi\u00e9ri. Obzvl\u00e1\u0161\u0165 pr\u00edjemn\u00fd vzh\u013ead vozidla za ktor\u00fdm sa rozhodne obzriete, ke\u010f ho zbad\u00e1te na cest\u00e1ch.<\/p>\n<\/div><\/section><br \/>\n<div  class='hr av-1ae0q-38f0fd5dbeb504aa9812ac152d0dfe86 hr-default  avia-builder-el-6  el_after_av_textblock  el_before_av_textblock '><span class='hr-inner '><span class=\"hr-inner-style\"><\/span><\/span><\/div><br \/>\n<section  class='av_textblock_section av-k2jq0met-7ae2817ded6880cd197955c6de92165b '  ><div class='avia_textblock' ><div id=\"technical\" class=\"tab-pane fade active show\">\n<div class=\"col-12 col-sm-6\"><strong>Palivo:<\/strong>\u00a0benz\u00edn<\/div>\n<div class=\"col-12 col-sm-6\"><strong>Objem motora:<\/strong>\u00a01\u00a0596\u00a0cm\u00b3\u00a0(1.6\u00a0l)<\/div>\n<div class=\"col-12 col-sm-6\"><strong>V\u00fdkon motora:<\/strong>\u00a075\u00a0kW\u00a0(102\u00a0PS)<\/div>\n<div class=\"col-12 col-sm-6\"><strong>Prevodovka:<\/strong>\u00a05-st. manu\u00e1lna<\/div>\n<div class=\"col-12 col-sm-6\"><strong>Pohon:<\/strong>\u00a0predn\u00fd<\/div>\n<div class=\"col-12 col-sm-6\"><strong>Po\u010det dver\u00ed:<\/strong>\u00a05<\/div>\n<div class=\"col-12 col-sm-6\"><strong>Miest na sedenie:<\/strong>\u00a05<\/div>\n<div><strong>Kombinovan\u00e1 spotreba:<\/strong> 7<\/div>\n<\/div>\n<\/div><\/section><br \/>\n<div  class='hr av-19vnm-20107dbbb4625ca33b220918617408a4 hr-default  avia-builder-el-8  el_after_av_textblock  avia-builder-el-last '><span class='hr-inner '><span class=\"hr-inner-style\"><\/span><\/span><\/div><\/p><\/div>\n<style type=\"text\/css\" data-created_by=\"avia_inline_auto\" id=\"style-css-av-peji-bb9c6be5bf0f8c69f14df13f6b5e37dd\">\n.flex_column.av-peji-bb9c6be5bf0f8c69f14df13f6b5e37dd{\nborder-radius:0px 0px 0px 0px;\npadding:0px 0px 0px 0px;\n}\n<\/style>\n<div  class='flex_column av-peji-bb9c6be5bf0f8c69f14df13f6b5e37dd av_one_fourth  avia-builder-el-9  el_after_av_three_fourth  avia-builder-el-last  flex_column_div av-zero-column-padding  '     ><p>\n<style type=\"text\/css\" data-created_by=\"avia_inline_auto\" id=\"style-css-av-av_heading-5e8a6af6bc45c75c81bf8d79566e6e63\">\n#top .av-special-heading.av-av_heading-5e8a6af6bc45c75c81bf8d79566e6e63{\npadding-bottom:15px;\n}\nbody .av-special-heading.av-av_heading-5e8a6af6bc45c75c81bf8d79566e6e63 .av-special-heading-tag .heading-char{\nfont-size:25px;\n}\n.av-special-heading.av-av_heading-5e8a6af6bc45c75c81bf8d79566e6e63 .av-subheading{\nfont-size:12px;\n}\n<\/style>\n<div  class='av-special-heading av-av_heading-5e8a6af6bc45c75c81bf8d79566e6e63 av-special-heading-h3 blockquote modern-quote  avia-builder-el-10  el_before_av_textblock  avia-builder-el-first '><h3 class='av-special-heading-tag '  >Rezerv\u00e1cia<\/h3><div class='av-subheading av-subheading_below'><p>kliknite na dni v kalend\u00e1ri kedy potrebujete na\u0161e vozidlo<\/p>\n<\/div><div class=\"special-heading-border\"><div class=\"special-heading-inner-border\"><\/div><\/div><\/div><br \/>\n<section  class='av_textblock_section av-k2hj3b3a-eb20cebda5db009696e07d923c8c4a5b '  ><div class='avia_textblock' > <div id=\"form_id1608631629265\"  class=\"wpbc_container wpbc_form wpbc_container_booking_form  \" ><form  id=\"booking_form17\"   class=\"booking_form vertical\" method=\"post\" action=\"\"><div id=\"ajax_respond_insert17\" class=\"ajax_respond_insert\" style=\"display:none;\"><\/div><a name=\"bklnk17\" id=\"bklnk17\"><\/a><div id=\"booking_form_div17\" class=\"booking_form_div\"><div class=\"wpbc_booking_form_structure wpbc_vertical\">\r\n  <div class=\"wpbc_structure_calendar\">\r\n    <div class=\"wpbc_calendar_wraper wpbc_change_over_triangle\"><style type=\"text\/css\" rel=\"stylesheet\" >.hasDatepick .datepick-inline .datepick-title-row th,.hasDatepick .datepick-inline .datepick-days-cell{ height: 33px; }<\/style><div class=\"wpbc_cal_container bk_calendar_frame months_num_in_row_1 cal_month_num_1 wpbc_timeslot_day_bg_as_available\" style=\"width:100%;max-width:100%;\"><div id=\"calendar_booking17\">Na\u010d\u00edtavam kalend\u00e1r...<\/div><\/div><textarea id=\"date_booking17\" name=\"date_booking17\" autocomplete=\"off\" style=\"display:none;\"><\/textarea><div class=\"block_hints datepick \"><div class=\"wpdev_hint_with_text\"><div class=\"block_free datepick-days-cell\"><a>&nbsp;<\/a><\/div><div class=\"block_text\">- <\/div><div class=\"block_text\">K dispoz\u00edcii<\/div><\/div><div class=\"wpdev_hint_with_text\"><div class=\"block_booked date_approved\">&nbsp;<\/div><div class=\"block_text\">- <\/div><div class=\"block_text\">Obsaden\u00e9<\/div><\/div><div class=\"wpdev_hint_with_text\"><div class=\"\"><span class=\" wpbc_timeslot_day_bg_as_available wpbc_change_over_triangle\"><div class=\"datepick-inline wpbc_calendar_legend_table_width_height\"><table class=\"datepick\" style=\"\"><tbody><tr><td class=\"datepick-days-cell date_available date2approve timespartly times_clock wpbc_calendar_legend_day_cell_height\"><div class=\"wpbc-cell-box\">\t<div class=\"wpbc-diagonal-el\">\t\t<div class=\"wpbc-co-out\"><svg height=\"100%\" width=\"100%\" viewBox=\"0 0 100 100\" preserveAspectRatio=\"none\"><polygon points=\"0,0 0,99 99,0\"><\/polygon><polygon points=\"0,0 0,100 49,100 49,0\"><\/polygon><\/svg><\/div>\t\t<div class=\"wpbc-co-in\"><svg height=\"100%\" width=\"100%\" viewBox=\"0 0 98 98\" preserveAspectRatio=\"none\"><polygon points=\"0,99 99,99 99,0\"><\/polygon><polygon points=\"50,98 98,98 98,0 50,0\"><\/polygon><\/svg><\/div>\t<\/div>\t<div class=\"date-cell-content\">\t\t<div class=\"date-content-top\"><div class=\"wpbc_time_dots\">\u00b7<\/div><\/div>\t\t<a>&nbsp;<\/a>\t\t<div class=\"date-content-bottom\"><\/div>\t<\/div><\/div><\/td><\/tr><\/tbody><\/table><\/div><\/span><\/div><div class=\"block_text\">- <\/div><div class=\"block_text\">\u010ciasto\u010dne rezervovan\u00e9<\/div><\/div><\/div><\/div>\r\n  <\/div>\r\n  <div class=\"wpbc_structure_form\">\r\n     <p>Va\u0161e meno a priezvisko*:<br \/><span class=\"wpbc_wrap_text wpdev-form-control-wrap name17\"><input type=\"text\" name=\"name17\" value=\"\" autocomplete=\"name\" class=\"wpdev-validates-as-required\" size=\"40\" \/><\/span><\/p>\r\n     <p>Email*:<br \/><span class=\"wpbc_wrap_text wpdev-form-control-wrap email17\"><input type=\"text\" name=\"email17\" value=\"\" autocomplete=\"email\" class=\"wpdev-validates-as-email wpdev-validates-as-required\" size=\"40\" \/><\/span><\/p>\r\n     <p>Tel.*:<br \/><span class=\"wpbc_wrap_text wpdev-form-control-wrap phone17\"><input type=\"text\" name=\"phone17\" value=\"\" autocomplete=\"phone\" class=\"wpdev-validates-as-required\" size=\"40\" \/><\/span><\/p>\r\n\t <p>Pozn\u00e1mka:<br \/><span class=\"wpbc_wrap_textarea wpdev-form-control-wrap details17\"><textarea name=\"details17\" autocomplete=\"details\"><\/textarea><\/span><\/p>\r\n     <p><span class=\"wpbc_wrap_checkbox wpdev-form-control-wrap pretalsomsipravidlohadomochranyosobnchdajovashlasmsnimi17\"><span autocomplete=\"pretalsomsipravidlohadomochranyosobnchdajovashlasmsnimi\" class=\"wpdev-validates-as-required wpdev-checkbox\"><span class=\"wpdev-list-item\"><input  autocomplete=\"pretalsomsipravidlohadomochranyosobnchdajovashlasmsnimi\" class=\"wpdev-validates-as-required wpdev-checkbox\" id=\"checkboxid177749351309587\"  onchange=\"javascript:if(typeof( showCostHintInsideBkForm ) == 'function') {  showCostHintInsideBkForm(17);}\"  type=\"checkbox\"  name=\"pretalsomsipravidlohadomochranyosobnchdajovashlasmsnimi17[]\"  value=\"Prehlasujem, \u017ee som bol obozn\u00e1men\u00fd s inform\u00e1ciami pod\u013ea \u010dl\u00e1nku 13 Nariadenia Eur\u00f3pskeho parlamentu a Rady (E\u00da) 2016\/679 o ochrane fyzick\u00fdch os\u00f4b pri sprac\u00favan\u00ed osobn\u00fdch \u00fadajov. Bli\u017e\u0161ie inform\u00e1cie n\u00e1jdete na &lt;a href=https:\/\/www.autoprofitgroup.sk\/ochrana-osobnych-udajov\/ target=_blank rel=noopener&gt;ochrana osobn\u00fdch \u00fadajov&lt;\/a&gt;\" \/><label for=\"checkboxid177749351309587\"  class=\"wpdev-list-item-label\">Prehlasujem, \u017ee som bol obozn\u00e1men\u00fd s inform\u00e1ciami pod\u013ea \u010dl\u00e1nku 13 Nariadenia Eur\u00f3pskeho parlamentu a Rady (E\u00da) 2016\/679 o ochrane fyzick\u00fdch os\u00f4b pri sprac\u00favan\u00ed osobn\u00fdch \u00fadajov. Bli\u017e\u0161ie inform\u00e1cie n\u00e1jdete na <a href=https:\/\/www.autoprofitgroup.sk\/ochrana-osobnych-udajov\/ target=_blank rel=noopener>ochrana osobn\u00fdch \u00fadajov<\/a><\/label><\/span><\/span><\/span><\/p>\r\n     <p><span class=\"wpbc_text_captcha_container wpdev-form-control-wrap \"><input  autocomplete=\"off\" type=\"hidden\" name=\"wpdev_captcha_challenge_17\"  id=\"wpdev_captcha_challenge_17\" value=\"225146431\" \/><input  autocomplete=\"off\" type=\"text\" class=\"captachinput\" value=\"\" name=\"captcha_input17\" id=\"captcha_input17\" \/><img decoding=\"async\" class=\"captcha_img\"  id=\"captcha_img17\" alt=\"To show CAPTCHA, please deactivate cache plugin or exclude this page from caching or disable CAPTCHA at WP Booking Calendar - Settings General page in Form Options section.\" src=\"https:\/\/www.autoprofitgroup.sk\/autopozicovna\/wp-content\/plugins\/booking.personal.10.8\/js\/captcha\/tmp\/225146431.png\" \/><\/span><\/p>\r\n     <p><input type=\"button\" value=\"Odosla\u0165\" class=\"wpbc_button_light btn\" onclick=\"mybooking_submit(this.form,17, 'sk_SK' );\" \/><\/p>\r\n  <\/div>\r\n<\/div>\r\n<div class=\"wpbc_booking_form_footer\"><\/div><input id=\"bk_type17\" name=\"bk_type17\" class=\"\" type=\"hidden\" value=\"17\" \/><\/div><div id=\"submiting17\"><\/div><div class=\"form_bk_messages\" id=\"form_bk_messages17\" ><\/div><input type=\"hidden\" id=\"wpbc_nonceCALCULATE_THE_COST17\" name=\"wpbc_nonceCALCULATE_THE_COST17\" value=\"1eda6d0c4e\" \/><input type=\"hidden\" name=\"_wp_http_referer\" value=\"\/autopozicovna\/wp-json\/wp\/v2\/pages\/46\" \/><\/form><\/div><div id=\"booking_form_garbage17\" class=\"booking_form_garbage\"><\/div><script type=\"text\/javascript\"> (function() { var a = setInterval( function() {  if ( ( 'undefined' === typeof jQuery ) || ! window.jQuery ) { return; } clearInterval( a ); jQuery( document ).ready( function (){ jQuery(\".widget_wpdev_booking .booking_form.form-horizontal\").removeClass(\"form-horizontal\");\n                                    var visible_calendars_count = _wpbc.get_other_param( \"calendars__on_this_page\" ).length;\n                                    if (visible_calendars_count !== null ) {\n                                        for (var i=0;i< visible_calendars_count ;i++){\n                                          if ( _wpbc.get_other_param( \"calendars__on_this_page\" )[i] === 17 ) {\n                                              document.getElementById(\"form_id1608631629265\").innerHTML = \"<span style='color:#A00;font-size:10px;'>Pozor! Rezerva\u010dn\u00fd kalend\u00e1r pre rezerv\u00e1ciu tohto zariadenia u\u017e je na str\u00e1nke, pozrite si pros\u00edm viac oh\u013eadom tohto na tejto str\u00e1nke: https:\/\/wpbookingcalendar.com\/faq\/why-the-booking-calendar-widget-not-show-on-page\/<\/span>\";                                                                                                  \n                                              jQuery(\"#form_id1608631629265\").animate( {opacity: 1}, 10000 ).fadeOut(5000);\n                                              return;\n                                          }\n                                        }\n                                        _wpbc.get_other_param( \"calendars__on_this_page\" )[ visible_calendars_count ]=17;\n                                    } } ); }, 500 ); })();<\/script> <script type=\"text\/javascript\"> (function() { var a = setInterval( function() {  if ( ( 'undefined' === typeof jQuery ) || ! window.jQuery ) { return; } clearInterval( a ); jQuery( document ).ready( function (){ _wpbc.balancer__set_max_threads( 3 );  _wpbc.calendar__set_param_value( 17 , 'calendar_scroll_to' , false );  _wpbc.calendar__set_param_value( 17 , 'booking_max_monthes_in_calendar' , '1y' );  _wpbc.calendar__set_param_value( 17 , 'booking_start_day_weeek' , '1' );  _wpbc.calendar__set_param_value( 17 , 'calendar_number_of_months' , '1' );   _wpbc.calendar__set_param_value( 17, 'days_select_mode', 'multiple' );   _wpbc.calendar__set_param_value( 17, 'fixed__days_num', 0 );   _wpbc.calendar__set_param_value( 17, 'fixed__week_days__start',   [] );   _wpbc.calendar__set_param_value( 17, 'dynamic__days_min', 0 );   _wpbc.calendar__set_param_value( 17, 'dynamic__days_max', 0 );   _wpbc.calendar__set_param_value( 17, 'dynamic__days_specific',    [] );   _wpbc.calendar__set_param_value( 17, 'dynamic__week_days__start', [] );   _wpbc.calendar__set_param_value( 17, 'booking_date_format', 'j. F Y' );   _wpbc.calendar__set_param_value( 17, 'booking_time_format', 'G:i' );   if ( 'function' === typeof ( wpbc__conditions__SAVE_INITIAL__days_selection_params__bm ) ){ wpbc__conditions__SAVE_INITIAL__days_selection_params__bm( 17 ); }   wpbc_calendar_show( '17' );   _wpbc.set_secure_param( 'nonce',   'cacab81ab4' );   _wpbc.set_secure_param( 'user_id', '0' );   _wpbc.set_secure_param( 'locale',  'sk_SK' );  wpbc_calendar__load_data__ajx( {\"resource_id\":17,\"booking_hash\":\"\",\"request_uri\":\"\\\/autopozicovna\\\/wp-json\\\/wp\\\/v2\\\/pages\\\/46\",\"custom_form\":\"standard\",\"aggregate_resource_id_str\":\"17,17\",\"aggregate_type\":\"all\"} ); } ); }, 500 ); })();<\/script>\n<\/div><\/section><\/p><\/div>\n","protected":false},"excerpt":{"rendered":"","protected":false},"author":1,"featured_media":0,"parent":0,"menu_order":0,"comment_status":"closed","ping_status":"closed","template":"","meta":{"footnotes":""},"class_list":["post-46","page","type-page","status-publish","hentry"],"yoast_head":"<!-- This site is optimized with the Yoast SEO plugin v26.5 - https:\/\/yoast.com\/wordpress\/plugins\/seo\/ -->\n<title>ZA Lada Vesta - Autoprofit Rent<\/title>\n<meta name=\"robots\" content=\"index, follow, max-snippet:-1, max-image-preview:large, max-video-preview:-1\" \/>\n<link rel=\"canonical\" href=\"https:\/\/www.autoprofitgroup.sk\/autopozicovna\/lada-vesta\/\" \/>\n<meta property=\"og:locale\" content=\"sk_SK\" \/>\n<meta property=\"og:type\" content=\"article\" \/>\n<meta property=\"og:title\" content=\"ZA Lada Vesta - Autoprofit Rent\" \/>\n<meta property=\"og:url\" content=\"https:\/\/www.autoprofitgroup.sk\/autopozicovna\/lada-vesta\/\" \/>\n<meta property=\"og:site_name\" content=\"Autoprofit Rent\" \/>\n<meta property=\"article:modified_time\" content=\"2019-11-05T23:43:22+00:00\" \/>\n<meta name=\"twitter:card\" content=\"summary_large_image\" \/>\n<meta name=\"twitter:label1\" content=\"Predpokladan\u00fd \u010das \u010d\u00edtania\" \/>\n\t<meta name=\"twitter:data1\" content=\"5 min\u00fat\" \/>\n<script type=\"application\/ld+json\" class=\"yoast-schema-graph\">{\"@context\":\"https:\/\/schema.org\",\"@graph\":[{\"@type\":\"WebPage\",\"@id\":\"https:\/\/www.autoprofitgroup.sk\/autopozicovna\/lada-vesta\/\",\"url\":\"https:\/\/www.autoprofitgroup.sk\/autopozicovna\/lada-vesta\/\",\"name\":\"ZA Lada Vesta - Autoprofit Rent\",\"isPartOf\":{\"@id\":\"https:\/\/www.autoprofitgroup.sk\/autopozicovna\/#website\"},\"datePublished\":\"2019-11-02T12:05:00+00:00\",\"dateModified\":\"2019-11-05T23:43:22+00:00\",\"breadcrumb\":{\"@id\":\"https:\/\/www.autoprofitgroup.sk\/autopozicovna\/lada-vesta\/#breadcrumb\"},\"inLanguage\":\"sk-SK\",\"potentialAction\":[{\"@type\":\"ReadAction\",\"target\":[\"https:\/\/www.autoprofitgroup.sk\/autopozicovna\/lada-vesta\/\"]}]},{\"@type\":\"BreadcrumbList\",\"@id\":\"https:\/\/www.autoprofitgroup.sk\/autopozicovna\/lada-vesta\/#breadcrumb\",\"itemListElement\":[{\"@type\":\"ListItem\",\"position\":1,\"name\":\"Home\",\"item\":\"https:\/\/www.autoprofitgroup.sk\/autopozicovna\/autoprofit-group-pozicovna\/\"},{\"@type\":\"ListItem\",\"position\":2,\"name\":\"ZA Lada Vesta\"}]},{\"@type\":\"WebSite\",\"@id\":\"https:\/\/www.autoprofitgroup.sk\/autopozicovna\/#website\",\"url\":\"https:\/\/www.autoprofitgroup.sk\/autopozicovna\/\",\"name\":\"Autoprofit Rent\",\"description\":\"Autoprofit Group - po\u017ei\u010dov\u0148a vozidiel\",\"potentialAction\":[{\"@type\":\"SearchAction\",\"target\":{\"@type\":\"EntryPoint\",\"urlTemplate\":\"https:\/\/www.autoprofitgroup.sk\/autopozicovna\/?s={search_term_string}\"},\"query-input\":{\"@type\":\"PropertyValueSpecification\",\"valueRequired\":true,\"valueName\":\"search_term_string\"}}],\"inLanguage\":\"sk-SK\"}]}<\/script>\n<!-- \/ Yoast SEO plugin. -->","yoast_head_json":{"title":"ZA Lada Vesta - Autoprofit Rent","robots":{"index":"index","follow":"follow","max-snippet":"max-snippet:-1","max-image-preview":"max-image-preview:large","max-video-preview":"max-video-preview:-1"},"canonical":"https:\/\/www.autoprofitgroup.sk\/autopozicovna\/lada-vesta\/","og_locale":"sk_SK","og_type":"article","og_title":"ZA Lada Vesta - Autoprofit Rent","og_url":"https:\/\/www.autoprofitgroup.sk\/autopozicovna\/lada-vesta\/","og_site_name":"Autoprofit Rent","article_modified_time":"2019-11-05T23:43:22+00:00","twitter_card":"summary_large_image","twitter_misc":{"Predpokladan\u00fd \u010das \u010d\u00edtania":"5 min\u00fat"},"schema":{"@context":"https:\/\/schema.org","@graph":[{"@type":"WebPage","@id":"https:\/\/www.autoprofitgroup.sk\/autopozicovna\/lada-vesta\/","url":"https:\/\/www.autoprofitgroup.sk\/autopozicovna\/lada-vesta\/","name":"ZA Lada Vesta - Autoprofit Rent","isPartOf":{"@id":"https:\/\/www.autoprofitgroup.sk\/autopozicovna\/#website"},"datePublished":"2019-11-02T12:05:00+00:00","dateModified":"2019-11-05T23:43:22+00:00","breadcrumb":{"@id":"https:\/\/www.autoprofitgroup.sk\/autopozicovna\/lada-vesta\/#breadcrumb"},"inLanguage":"sk-SK","potentialAction":[{"@type":"ReadAction","target":["https:\/\/www.autoprofitgroup.sk\/autopozicovna\/lada-vesta\/"]}]},{"@type":"BreadcrumbList","@id":"https:\/\/www.autoprofitgroup.sk\/autopozicovna\/lada-vesta\/#breadcrumb","itemListElement":[{"@type":"ListItem","position":1,"name":"Home","item":"https:\/\/www.autoprofitgroup.sk\/autopozicovna\/autoprofit-group-pozicovna\/"},{"@type":"ListItem","position":2,"name":"ZA Lada Vesta"}]},{"@type":"WebSite","@id":"https:\/\/www.autoprofitgroup.sk\/autopozicovna\/#website","url":"https:\/\/www.autoprofitgroup.sk\/autopozicovna\/","name":"Autoprofit Rent","description":"Autoprofit Group - po\u017ei\u010dov\u0148a vozidiel","potentialAction":[{"@type":"SearchAction","target":{"@type":"EntryPoint","urlTemplate":"https:\/\/www.autoprofitgroup.sk\/autopozicovna\/?s={search_term_string}"},"query-input":{"@type":"PropertyValueSpecification","valueRequired":true,"valueName":"search_term_string"}}],"inLanguage":"sk-SK"}]}},"_links":{"self":[{"href":"https:\/\/www.autoprofitgroup.sk\/autopozicovna\/wp-json\/wp\/v2\/pages\/46","targetHints":{"allow":["GET"]}}],"collection":[{"href":"https:\/\/www.autoprofitgroup.sk\/autopozicovna\/wp-json\/wp\/v2\/pages"}],"about":[{"href":"https:\/\/www.autoprofitgroup.sk\/autopozicovna\/wp-json\/wp\/v2\/types\/page"}],"author":[{"embeddable":true,"href":"https:\/\/www.autoprofitgroup.sk\/autopozicovna\/wp-json\/wp\/v2\/users\/1"}],"replies":[{"embeddable":true,"href":"https:\/\/www.autoprofitgroup.sk\/autopozicovna\/wp-json\/wp\/v2\/comments?post=46"}],"version-history":[{"count":26,"href":"https:\/\/www.autoprofitgroup.sk\/autopozicovna\/wp-json\/wp\/v2\/pages\/46\/revisions"}],"predecessor-version":[{"id":290,"href":"https:\/\/www.autoprofitgroup.sk\/autopozicovna\/wp-json\/wp\/v2\/pages\/46\/revisions\/290"}],"wp:attachment":[{"href":"https:\/\/www.autoprofitgroup.sk\/autopozicovna\/wp-json\/wp\/v2\/media?parent=46"}],"curies":[{"name":"wp","href":"https:\/\/api.w.org\/{rel}","templated":true}]}}