{"id":263,"date":"2019-11-05T13:21:05","date_gmt":"2019-11-05T12:21:05","guid":{"rendered":"https:\/\/www.autoprofitgroup.sk\/autopozicovna\/?page_id=263"},"modified":"2025-07-21T15:02:00","modified_gmt":"2025-07-21T13:02:00","slug":"vseobecne-podmienky","status":"publish","type":"page","link":"https:\/\/www.autoprofitgroup.sk\/autopozicovna\/vseobecne-podmienky\/","title":{"rendered":"V\u0161eobecn\u00e9 podmienky"},"content":{"rendered":"\n<style type=\"text\/css\" data-created_by=\"avia_inline_auto\" id=\"style-css-av-k2lsw3ee-240ebeab2f09864279b5ef3cb63f9c61\">\n.avia-section.av-k2lsw3ee-240ebeab2f09864279b5ef3cb63f9c61{\nbackground-repeat:no-repeat;\nbackground-image:url(https:\/\/www.autoprofitgroup.sk\/autopozicovna\/wp-content\/uploads\/sites\/2\/2019\/11\/hlavicka.jpg);\nbackground-position:0% 0%;\nbackground-attachment:scroll;\n}\n<\/style>\n<div id='av_section_1'  class='avia-section av-k2lsw3ee-240ebeab2f09864279b5ef3cb63f9c61 main_color avia-section-default avia-no-border-styling  avia-builder-el-0  el_before_av_section  avia-builder-el-first  avia-bg-style-scroll container_wrap fullsize'  data-section-bg-repeat='no-repeat'><div class='container av-section-cont-open' ><main  class='template-page content  av-content-full alpha units'><div class='post-entry post-entry-type-page post-entry-263'><div class='entry-content-wrapper clearfix'>\n\n<style type=\"text\/css\" data-created_by=\"avia_inline_auto\" id=\"style-css-av-k2ltls00-7e4a125144b681fd7f66bab886de14e5\">\n#top .av-special-heading.av-k2ltls00-7e4a125144b681fd7f66bab886de14e5{\npadding-bottom:0;\ncolor:#ffffff;\n}\nbody .av-special-heading.av-k2ltls00-7e4a125144b681fd7f66bab886de14e5 .av-special-heading-tag .heading-char{\nfont-size:25px;\n}\n.av-special-heading.av-k2ltls00-7e4a125144b681fd7f66bab886de14e5 .special-heading-inner-border{\nborder-color:#ffffff;\n}\n.av-special-heading.av-k2ltls00-7e4a125144b681fd7f66bab886de14e5 .av-subheading{\nfont-size:15px;\n}\n<\/style>\n<div  class='av-special-heading av-k2ltls00-7e4a125144b681fd7f66bab886de14e5 av-special-heading-h2 custom-color-heading blockquote modern-quote  avia-builder-el-1  avia-builder-el-no-sibling '><h2 class='av-special-heading-tag '  >V\u0160EOBECN\u00c9 PODMIENKY AUTOPO\u017dI\u010cOVNE<\/h2><div class=\"special-heading-border\"><div class=\"special-heading-inner-border\"><\/div><\/div><\/div>\n\n<\/div><\/div><\/main><!-- close content main element --><\/div><\/div>\n<style type=\"text\/css\" data-created_by=\"avia_inline_auto\" id=\"style-css-av-32fev-a9b05a059810af3272a7d4b57823359e\">\n.avia-section.av-32fev-a9b05a059810af3272a7d4b57823359e{\nbackground-color:#f5f5f5;\nbackground-image:unset;\n}\n<\/style>\n<div id='av_section_2'  class='avia-section av-32fev-a9b05a059810af3272a7d4b57823359e main_color avia-section-default avia-no-border-styling  avia-builder-el-2  el_after_av_section  avia-builder-el-last  avia-bg-style-scroll container_wrap fullsize'  ><div class='container av-section-cont-open' ><div class='template-page content  av-content-full alpha units'><div class='post-entry post-entry-type-page post-entry-263'><div class='entry-content-wrapper clearfix'>\n\n<style type=\"text\/css\" data-created_by=\"avia_inline_auto\" id=\"style-css-av-p6xsn-ad59f152d477d7d1e4b5d12713ff0c1a\">\n.flex_column.av-p6xsn-ad59f152d477d7d1e4b5d12713ff0c1a{\nborder-radius:0px 0px 0px 0px;\npadding:30px 30px 30px 30px;\nbackground-color:#ffffff;\n}\n<\/style>\n<div  class='flex_column av-p6xsn-ad59f152d477d7d1e4b5d12713ff0c1a av_one_half  avia-builder-el-3  el_before_av_one_half  avia-builder-el-first  first flex_column_div av-animated-generic left-to-right  '     ><section  class='av_textblock_section av-k2lrqb67-f6ce80039078053da21ead81475ddce6 '  ><div class='avia_textblock' ><p>Cenn\u00edk je platn\u00fd od 01.04.2025<\/p>\n<p>Ceny s\u00fa platn\u00e9 pri n\u00e1behu do 300 km\/ 1 de\u0148 po\u017ei\u010dania . Cena pri n\u00e1behu 301 km a viac sa \u00fa\u010dtuje<\/p>\n<p><strong>LOWCOST<\/strong> \u2013 0,16 \u20ac s DPH \/ 1 km<\/p>\n<p><strong>ECONOMY<\/strong> &#8211; 0,16 \u20ac s DPH \/ 1 km<\/p>\n<p><strong>COMFORT<\/strong> &#8211; 0,16 \u20ac s DPH \/ 1km<\/p>\n<p><strong>VIAC MIESTN\u00c9 A \u00da\u017dITKOV\u00c9<\/strong> &#8211; 0,24 \u20ac s DPH<\/p>\n<p>Poplatok za administrat\u00edvne \u00fakony 6 \u20ac s DPH.<\/p>\n<p>Odovzdanie a prevzatie vozidla mimo pracovnej doby je spoplatnen\u00e9 sumou 50\u20ac s DPH.<\/p>\n<\/div><\/section><\/div>\n<style type=\"text\/css\" data-created_by=\"avia_inline_auto\" id=\"style-css-av-p6xsn-2-2b61a8897f660cce7e7f0f2bed4d2ce8\">\n.flex_column.av-p6xsn-2-2b61a8897f660cce7e7f0f2bed4d2ce8{\nborder-radius:0px 0px 0px 0px;\npadding:30px 30px 30px 30px;\nbackground-color:#ffffff;\n}\n<\/style>\n<div  class='flex_column av-p6xsn-2-2b61a8897f660cce7e7f0f2bed4d2ce8 av_one_half  avia-builder-el-5  el_after_av_one_half  avia-builder-el-last  flex_column_div av-animated-generic right-to-left  '     ><section  class='av_textblock_section av-k2lrqb67-1-9c00e949b11e4f12315e93a6b722494b '  ><div class='avia_textblock' ><p><strong>Cena za slu\u017eby sa hrad\u00ed vopred.<\/strong><\/p>\n<ul>\n<li>Pri preberan\u00ed vozidla sa sklad\u00e1 z\u00e1bezpeka vo v\u00fd\u0161ke 300 \u20ac na pr\u00edpadn\u00e9 po\u0161kodenia po\u010das n\u00e1jmu, ktor\u00e1 bude v pr\u00edpade bez\u0161kodov\u00e9ho priebehu n\u00e1jmu vr\u00e1ten\u00e1 z\u00e1kaznikovi.<br \/>\nOdovzdanie a prevzatie vozidla mimo pracovnej doby je spoplatnen\u00e9 v sume 50 \u20ac.<\/li>\n<li>Vo vozidl\u00e1ch je PR\u00cdSNY z\u00e1kaz faj\u010di\u0165! Pri zisten\u00ed, \u017ee do\u0161lo k poru\u0161eniu tohto z\u00e1kazu, bude z\u00e1kazn\u00edkovi udelen\u00e1 jednor\u00e1zov\u00e1 pokuta vo v\u00fd\u0161ke 120 \u20ac s DPH.<\/li>\n<li>Poplatok za nadmern\u00e9 zne\u010distenie vozidla 60 \u20ac s DPH.<\/li>\n<li>Vozidl\u00e1 maj\u00fa platn\u00fa slovensk\u00fa dia\u013eni\u010dn\u00fa zn\u00e1mku.<\/li>\n<li>Pokuty za poru\u0161enie dopravn\u00fdch predpisov, po\u010das doby po\u017ei\u010dania vozidla zn\u00e1\u0161a n\u00e1jomca vozidla.<\/li>\n<\/ul>\n<\/div><\/section><\/div>\n","protected":false},"excerpt":{"rendered":"","protected":false},"author":1,"featured_media":0,"parent":0,"menu_order":0,"comment_status":"closed","ping_status":"closed","template":"","meta":{"footnotes":""},"class_list":["post-263","page","type-page","status-publish","hentry"],"yoast_head":"<!-- This site is optimized with the Yoast SEO plugin v26.5 - https:\/\/yoast.com\/wordpress\/plugins\/seo\/ -->\n<title>V\u0161eobecn\u00e9 podmienky - Autoprofit Rent<\/title>\n<meta name=\"robots\" content=\"index, follow, max-snippet:-1, max-image-preview:large, max-video-preview:-1\" \/>\n<link rel=\"canonical\" href=\"https:\/\/www.autoprofitgroup.sk\/autopozicovna\/vseobecne-podmienky\/\" \/>\n<meta property=\"og:locale\" content=\"sk_SK\" \/>\n<meta property=\"og:type\" content=\"article\" \/>\n<meta property=\"og:title\" content=\"V\u0161eobecn\u00e9 podmienky - Autoprofit Rent\" \/>\n<meta property=\"og:url\" content=\"https:\/\/www.autoprofitgroup.sk\/autopozicovna\/vseobecne-podmienky\/\" \/>\n<meta property=\"og:site_name\" content=\"Autoprofit Rent\" \/>\n<meta property=\"article:modified_time\" content=\"2025-07-21T13:02:00+00:00\" \/>\n<meta name=\"twitter:card\" content=\"summary_large_image\" \/>\n<meta name=\"twitter:label1\" content=\"Predpokladan\u00fd \u010das \u010d\u00edtania\" \/>\n\t<meta name=\"twitter:data1\" content=\"1 min\u00fata\" \/>\n<script type=\"application\/ld+json\" class=\"yoast-schema-graph\">{\"@context\":\"https:\/\/schema.org\",\"@graph\":[{\"@type\":\"WebPage\",\"@id\":\"https:\/\/www.autoprofitgroup.sk\/autopozicovna\/vseobecne-podmienky\/\",\"url\":\"https:\/\/www.autoprofitgroup.sk\/autopozicovna\/vseobecne-podmienky\/\",\"name\":\"V\u0161eobecn\u00e9 podmienky - Autoprofit Rent\",\"isPartOf\":{\"@id\":\"https:\/\/www.autoprofitgroup.sk\/autopozicovna\/#website\"},\"datePublished\":\"2019-11-05T12:21:05+00:00\",\"dateModified\":\"2025-07-21T13:02:00+00:00\",\"breadcrumb\":{\"@id\":\"https:\/\/www.autoprofitgroup.sk\/autopozicovna\/vseobecne-podmienky\/#breadcrumb\"},\"inLanguage\":\"sk-SK\",\"potentialAction\":[{\"@type\":\"ReadAction\",\"target\":[\"https:\/\/www.autoprofitgroup.sk\/autopozicovna\/vseobecne-podmienky\/\"]}]},{\"@type\":\"BreadcrumbList\",\"@id\":\"https:\/\/www.autoprofitgroup.sk\/autopozicovna\/vseobecne-podmienky\/#breadcrumb\",\"itemListElement\":[{\"@type\":\"ListItem\",\"position\":1,\"name\":\"Home\",\"item\":\"https:\/\/www.autoprofitgroup.sk\/autopozicovna\/autoprofit-group-pozicovna\/\"},{\"@type\":\"ListItem\",\"position\":2,\"name\":\"V\u0161eobecn\u00e9 podmienky\"}]},{\"@type\":\"WebSite\",\"@id\":\"https:\/\/www.autoprofitgroup.sk\/autopozicovna\/#website\",\"url\":\"https:\/\/www.autoprofitgroup.sk\/autopozicovna\/\",\"name\":\"Autoprofit Rent\",\"description\":\"Autoprofit Group - po\u017ei\u010dov\u0148a vozidiel\",\"potentialAction\":[{\"@type\":\"SearchAction\",\"target\":{\"@type\":\"EntryPoint\",\"urlTemplate\":\"https:\/\/www.autoprofitgroup.sk\/autopozicovna\/?s={search_term_string}\"},\"query-input\":{\"@type\":\"PropertyValueSpecification\",\"valueRequired\":true,\"valueName\":\"search_term_string\"}}],\"inLanguage\":\"sk-SK\"}]}<\/script>\n<!-- \/ Yoast SEO plugin. -->","yoast_head_json":{"title":"V\u0161eobecn\u00e9 podmienky - Autoprofit Rent","robots":{"index":"index","follow":"follow","max-snippet":"max-snippet:-1","max-image-preview":"max-image-preview:large","max-video-preview":"max-video-preview:-1"},"canonical":"https:\/\/www.autoprofitgroup.sk\/autopozicovna\/vseobecne-podmienky\/","og_locale":"sk_SK","og_type":"article","og_title":"V\u0161eobecn\u00e9 podmienky - Autoprofit Rent","og_url":"https:\/\/www.autoprofitgroup.sk\/autopozicovna\/vseobecne-podmienky\/","og_site_name":"Autoprofit Rent","article_modified_time":"2025-07-21T13:02:00+00:00","twitter_card":"summary_large_image","twitter_misc":{"Predpokladan\u00fd \u010das \u010d\u00edtania":"1 min\u00fata"},"schema":{"@context":"https:\/\/schema.org","@graph":[{"@type":"WebPage","@id":"https:\/\/www.autoprofitgroup.sk\/autopozicovna\/vseobecne-podmienky\/","url":"https:\/\/www.autoprofitgroup.sk\/autopozicovna\/vseobecne-podmienky\/","name":"V\u0161eobecn\u00e9 podmienky - Autoprofit Rent","isPartOf":{"@id":"https:\/\/www.autoprofitgroup.sk\/autopozicovna\/#website"},"datePublished":"2019-11-05T12:21:05+00:00","dateModified":"2025-07-21T13:02:00+00:00","breadcrumb":{"@id":"https:\/\/www.autoprofitgroup.sk\/autopozicovna\/vseobecne-podmienky\/#breadcrumb"},"inLanguage":"sk-SK","potentialAction":[{"@type":"ReadAction","target":["https:\/\/www.autoprofitgroup.sk\/autopozicovna\/vseobecne-podmienky\/"]}]},{"@type":"BreadcrumbList","@id":"https:\/\/www.autoprofitgroup.sk\/autopozicovna\/vseobecne-podmienky\/#breadcrumb","itemListElement":[{"@type":"ListItem","position":1,"name":"Home","item":"https:\/\/www.autoprofitgroup.sk\/autopozicovna\/autoprofit-group-pozicovna\/"},{"@type":"ListItem","position":2,"name":"V\u0161eobecn\u00e9 podmienky"}]},{"@type":"WebSite","@id":"https:\/\/www.autoprofitgroup.sk\/autopozicovna\/#website","url":"https:\/\/www.autoprofitgroup.sk\/autopozicovna\/","name":"Autoprofit Rent","description":"Autoprofit Group - po\u017ei\u010dov\u0148a vozidiel","potentialAction":[{"@type":"SearchAction","target":{"@type":"EntryPoint","urlTemplate":"https:\/\/www.autoprofitgroup.sk\/autopozicovna\/?s={search_term_string}"},"query-input":{"@type":"PropertyValueSpecification","valueRequired":true,"valueName":"search_term_string"}}],"inLanguage":"sk-SK"}]}},"_links":{"self":[{"href":"https:\/\/www.autoprofitgroup.sk\/autopozicovna\/wp-json\/wp\/v2\/pages\/263","targetHints":{"allow":["GET"]}}],"collection":[{"href":"https:\/\/www.autoprofitgroup.sk\/autopozicovna\/wp-json\/wp\/v2\/pages"}],"about":[{"href":"https:\/\/www.autoprofitgroup.sk\/autopozicovna\/wp-json\/wp\/v2\/types\/page"}],"author":[{"embeddable":true,"href":"https:\/\/www.autoprofitgroup.sk\/autopozicovna\/wp-json\/wp\/v2\/users\/1"}],"replies":[{"embeddable":true,"href":"https:\/\/www.autoprofitgroup.sk\/autopozicovna\/wp-json\/wp\/v2\/comments?post=263"}],"version-history":[{"count":11,"href":"https:\/\/www.autoprofitgroup.sk\/autopozicovna\/wp-json\/wp\/v2\/pages\/263\/revisions"}],"predecessor-version":[{"id":1602,"href":"https:\/\/www.autoprofitgroup.sk\/autopozicovna\/wp-json\/wp\/v2\/pages\/263\/revisions\/1602"}],"wp:attachment":[{"href":"https:\/\/www.autoprofitgroup.sk\/autopozicovna\/wp-json\/wp\/v2\/media?parent=263"}],"curies":[{"name":"wp","href":"https:\/\/api.w.org\/{rel}","templated":true}]}}