{"id":131,"date":"2019-11-04T03:47:21","date_gmt":"2019-11-04T02:47:21","guid":{"rendered":"https:\/\/www.autoprofitgroup.sk\/autopozicovna\/?page_id=131"},"modified":"2019-11-04T03:47:21","modified_gmt":"2019-11-04T02:47:21","slug":"lowcost","status":"publish","type":"page","link":"https:\/\/www.autoprofitgroup.sk\/autopozicovna\/lowcost\/","title":{"rendered":"LOWCOST"},"content":{"rendered":"<div id='av_section_1'  class='avia-section av-av_section-d22d0925bbe873903d870fa53c85a800 main_color avia-section-default avia-no-border-styling  avia-builder-el-0  avia-builder-el-no-sibling  avia-bg-style-scroll container_wrap fullsize'  ><div class='container av-section-cont-open' ><main  class='template-page content  av-content-full alpha units'><div class='post-entry post-entry-type-page post-entry-131'><div class='entry-content-wrapper clearfix'>\n<div  id=\"av-sc-portfolio-1\"  class=\"av-portfolio-grid-sorting-container\"><div class='sort_width_container  av-sort-yes' data-portfolio-id='1' ><div id='js_sort_items' ><div class='sort_by_cat hidden'><a href=\"#\" data-filter=\"all_sort\" class=\"all_sort_button active_sort\"><span class=\"inner_sort_button\"><span>V\u0161etko<\/span><small class=\"av-cat-count\"> 1 <\/small><\/span><\/a><span class=\"text-sep lowcost_sort_sep\">\/<\/span><a href=\"#\" data-filter=\"lowcost_sort\" class=\"lowcost_sort_button\" ><span class=\"inner_sort_button\"><span>LOWCOST<\/span><small class=\"av-cat-count\"> 1 <\/small><\/span><\/a><\/div><\/div><\/div><div  class=' grid-sort-container isotope   no_margin-container with-title-container grid-total-odd grid-col-3 grid-links-' data-portfolio-id='1'><div data-ajax-id='105' class=' grid-entry flex_column isotope-item all_sort no_margin post-entry post-entry-105 grid-entry-overview grid-loop-1 grid-parity-odd  post-entry-last  cadca_sort lowcost_sort osobne_sort  av_one_third first default_av_fullwidth '><article class='main_color inner-entry' ><a href=\"https:\/\/www.autoprofitgroup.sk\/autopozicovna\/vozidlo\/lada-vesta\/\" title='LADA Vesta'  data-rel='grid-1' class='grid-image avia-hover-fx'> <img decoding=\"async\" fetchpriority=\"high\" width=\"705\" height=\"384\" src=\"https:\/\/www.autoprofitgroup.sk\/autopozicovna\/wp-content\/uploads\/sites\/2\/2019\/11\/Lada-Vesta-_Autopozicovna-nahladove-obrazky.jpg\" class=\"wp-image-1464 avia-img-lazy-loading-not-1464 attachment-no scaling size-no scaling wp-post-image\" alt=\"\" srcset=\"https:\/\/www.autoprofitgroup.sk\/autopozicovna\/wp-content\/uploads\/sites\/2\/2019\/11\/Lada-Vesta-_Autopozicovna-nahladove-obrazky.jpg 705w, https:\/\/www.autoprofitgroup.sk\/autopozicovna\/wp-content\/uploads\/sites\/2\/2019\/11\/Lada-Vesta-_Autopozicovna-nahladove-obrazky-300x163.jpg 300w\" sizes=\"(max-width: 705px) 100vw, 705px\" \/><\/a><div class='grid-content'><div class='avia-arrow'><\/div><header class=\"entry-content-header\" aria-label=\"Portfolio: LADA Vesta\"><h3 class='grid-entry-title entry-title ' ><a href='https:\/\/www.autoprofitgroup.sk\/autopozicovna\/vozidlo\/lada-vesta\/' title='LADA Vesta'>LADA Vesta<\/a><\/h3><\/header><\/div><footer class=\"entry-footer\"><\/footer><\/article><\/div><\/div><\/div>   <!--   class=\"av-portfolio-grid-sorting-container\"  -->\n\n","protected":false},"excerpt":{"rendered":"","protected":false},"author":1,"featured_media":0,"parent":0,"menu_order":0,"comment_status":"closed","ping_status":"closed","template":"","meta":{"footnotes":""},"class_list":["post-131","page","type-page","status-publish","hentry"],"yoast_head":"<!-- This site is optimized with the Yoast SEO plugin v26.5 - https:\/\/yoast.com\/wordpress\/plugins\/seo\/ -->\n<title>LOWCOST - Autoprofit Rent<\/title>\n<meta name=\"robots\" content=\"index, follow, max-snippet:-1, max-image-preview:large, max-video-preview:-1\" \/>\n<link rel=\"canonical\" href=\"https:\/\/www.autoprofitgroup.sk\/autopozicovna\/lowcost\/\" \/>\n<meta property=\"og:locale\" content=\"sk_SK\" \/>\n<meta property=\"og:type\" content=\"article\" \/>\n<meta property=\"og:title\" content=\"LOWCOST - Autoprofit Rent\" \/>\n<meta property=\"og:url\" content=\"https:\/\/www.autoprofitgroup.sk\/autopozicovna\/lowcost\/\" \/>\n<meta property=\"og:site_name\" content=\"Autoprofit Rent\" \/>\n<meta name=\"twitter:card\" content=\"summary_large_image\" \/>\n<meta name=\"twitter:label1\" content=\"Predpokladan\u00fd \u010das \u010d\u00edtania\" \/>\n\t<meta name=\"twitter:data1\" content=\"1 min\u00fata\" \/>\n<script type=\"application\/ld+json\" class=\"yoast-schema-graph\">{\"@context\":\"https:\/\/schema.org\",\"@graph\":[{\"@type\":\"WebPage\",\"@id\":\"https:\/\/www.autoprofitgroup.sk\/autopozicovna\/lowcost\/\",\"url\":\"https:\/\/www.autoprofitgroup.sk\/autopozicovna\/lowcost\/\",\"name\":\"LOWCOST - Autoprofit Rent\",\"isPartOf\":{\"@id\":\"https:\/\/www.autoprofitgroup.sk\/autopozicovna\/#website\"},\"datePublished\":\"2019-11-04T02:47:21+00:00\",\"breadcrumb\":{\"@id\":\"https:\/\/www.autoprofitgroup.sk\/autopozicovna\/lowcost\/#breadcrumb\"},\"inLanguage\":\"sk-SK\",\"potentialAction\":[{\"@type\":\"ReadAction\",\"target\":[\"https:\/\/www.autoprofitgroup.sk\/autopozicovna\/lowcost\/\"]}]},{\"@type\":\"BreadcrumbList\",\"@id\":\"https:\/\/www.autoprofitgroup.sk\/autopozicovna\/lowcost\/#breadcrumb\",\"itemListElement\":[{\"@type\":\"ListItem\",\"position\":1,\"name\":\"Home\",\"item\":\"https:\/\/www.autoprofitgroup.sk\/autopozicovna\/autoprofit-group-pozicovna\/\"},{\"@type\":\"ListItem\",\"position\":2,\"name\":\"LOWCOST\"}]},{\"@type\":\"WebSite\",\"@id\":\"https:\/\/www.autoprofitgroup.sk\/autopozicovna\/#website\",\"url\":\"https:\/\/www.autoprofitgroup.sk\/autopozicovna\/\",\"name\":\"Autoprofit Rent\",\"description\":\"Autoprofit Group - po\u017ei\u010dov\u0148a vozidiel\",\"potentialAction\":[{\"@type\":\"SearchAction\",\"target\":{\"@type\":\"EntryPoint\",\"urlTemplate\":\"https:\/\/www.autoprofitgroup.sk\/autopozicovna\/?s={search_term_string}\"},\"query-input\":{\"@type\":\"PropertyValueSpecification\",\"valueRequired\":true,\"valueName\":\"search_term_string\"}}],\"inLanguage\":\"sk-SK\"}]}<\/script>\n<!-- \/ Yoast SEO plugin. -->","yoast_head_json":{"title":"LOWCOST - Autoprofit Rent","robots":{"index":"index","follow":"follow","max-snippet":"max-snippet:-1","max-image-preview":"max-image-preview:large","max-video-preview":"max-video-preview:-1"},"canonical":"https:\/\/www.autoprofitgroup.sk\/autopozicovna\/lowcost\/","og_locale":"sk_SK","og_type":"article","og_title":"LOWCOST - Autoprofit Rent","og_url":"https:\/\/www.autoprofitgroup.sk\/autopozicovna\/lowcost\/","og_site_name":"Autoprofit Rent","twitter_card":"summary_large_image","twitter_misc":{"Predpokladan\u00fd \u010das \u010d\u00edtania":"1 min\u00fata"},"schema":{"@context":"https:\/\/schema.org","@graph":[{"@type":"WebPage","@id":"https:\/\/www.autoprofitgroup.sk\/autopozicovna\/lowcost\/","url":"https:\/\/www.autoprofitgroup.sk\/autopozicovna\/lowcost\/","name":"LOWCOST - Autoprofit Rent","isPartOf":{"@id":"https:\/\/www.autoprofitgroup.sk\/autopozicovna\/#website"},"datePublished":"2019-11-04T02:47:21+00:00","breadcrumb":{"@id":"https:\/\/www.autoprofitgroup.sk\/autopozicovna\/lowcost\/#breadcrumb"},"inLanguage":"sk-SK","potentialAction":[{"@type":"ReadAction","target":["https:\/\/www.autoprofitgroup.sk\/autopozicovna\/lowcost\/"]}]},{"@type":"BreadcrumbList","@id":"https:\/\/www.autoprofitgroup.sk\/autopozicovna\/lowcost\/#breadcrumb","itemListElement":[{"@type":"ListItem","position":1,"name":"Home","item":"https:\/\/www.autoprofitgroup.sk\/autopozicovna\/autoprofit-group-pozicovna\/"},{"@type":"ListItem","position":2,"name":"LOWCOST"}]},{"@type":"WebSite","@id":"https:\/\/www.autoprofitgroup.sk\/autopozicovna\/#website","url":"https:\/\/www.autoprofitgroup.sk\/autopozicovna\/","name":"Autoprofit Rent","description":"Autoprofit Group - po\u017ei\u010dov\u0148a vozidiel","potentialAction":[{"@type":"SearchAction","target":{"@type":"EntryPoint","urlTemplate":"https:\/\/www.autoprofitgroup.sk\/autopozicovna\/?s={search_term_string}"},"query-input":{"@type":"PropertyValueSpecification","valueRequired":true,"valueName":"search_term_string"}}],"inLanguage":"sk-SK"}]}},"_links":{"self":[{"href":"https:\/\/www.autoprofitgroup.sk\/autopozicovna\/wp-json\/wp\/v2\/pages\/131","targetHints":{"allow":["GET"]}}],"collection":[{"href":"https:\/\/www.autoprofitgroup.sk\/autopozicovna\/wp-json\/wp\/v2\/pages"}],"about":[{"href":"https:\/\/www.autoprofitgroup.sk\/autopozicovna\/wp-json\/wp\/v2\/types\/page"}],"author":[{"embeddable":true,"href":"https:\/\/www.autoprofitgroup.sk\/autopozicovna\/wp-json\/wp\/v2\/users\/1"}],"replies":[{"embeddable":true,"href":"https:\/\/www.autoprofitgroup.sk\/autopozicovna\/wp-json\/wp\/v2\/comments?post=131"}],"version-history":[{"count":2,"href":"https:\/\/www.autoprofitgroup.sk\/autopozicovna\/wp-json\/wp\/v2\/pages\/131\/revisions"}],"predecessor-version":[{"id":133,"href":"https:\/\/www.autoprofitgroup.sk\/autopozicovna\/wp-json\/wp\/v2\/pages\/131\/revisions\/133"}],"wp:attachment":[{"href":"https:\/\/www.autoprofitgroup.sk\/autopozicovna\/wp-json\/wp\/v2\/media?parent=131"}],"curies":[{"name":"wp","href":"https:\/\/api.w.org\/{rel}","templated":true}]}}